{"id":41,"date":"2023-04-15T14:58:46","date_gmt":"2023-04-15T14:58:46","guid":{"rendered":"https:\/\/restaurangasundsholm.com\/?page_id=41"},"modified":"2023-12-30T06:54:58","modified_gmt":"2023-12-30T06:54:58","slug":"besok_oss","status":"publish","type":"page","link":"https:\/\/restaurangasundsholm.com\/en\/besok_oss\/","title":{"rendered":"Bes\u00f6k Oss"},"content":{"rendered":"\t\t<div data-elementor-type=\"wp-page\" data-elementor-id=\"41\" class=\"elementor elementor-41\" data-elementor-post-type=\"page\">\n\t\t\t\t<div class=\"elementor-element elementor-element-7599eb24 e-flex e-con-boxed e-con e-parent\" data-id=\"7599eb24\" data-element_type=\"container\" data-e-type=\"container\" data-settings=\"{&quot;background_background&quot;:&quot;classic&quot;}\">\n\t\t\t\t\t<div class=\"e-con-inner\">\n\t\t<div class=\"elementor-element elementor-element-731520b9 e-con-full e-flex e-con e-child\" data-id=\"731520b9\" data-element_type=\"container\" data-e-type=\"container\" data-settings=\"{&quot;motion_fx_motion_fx_scrolling&quot;:&quot;yes&quot;,&quot;motion_fx_translateY_effect&quot;:&quot;yes&quot;,&quot;motion_fx_opacity_effect&quot;:&quot;yes&quot;,&quot;motion_fx_opacity_level&quot;:{&quot;unit&quot;:&quot;px&quot;,&quot;size&quot;:5.3,&quot;sizes&quot;:[]},&quot;motion_fx_opacity_range&quot;:{&quot;unit&quot;:&quot;%&quot;,&quot;size&quot;:&quot;&quot;,&quot;sizes&quot;:{&quot;start&quot;:26,&quot;end&quot;:74}},&quot;motion_fx_translateY_speed&quot;:{&quot;unit&quot;:&quot;px&quot;,&quot;size&quot;:4,&quot;sizes&quot;:[]},&quot;motion_fx_translateY_affectedRange&quot;:{&quot;unit&quot;:&quot;%&quot;,&quot;size&quot;:&quot;&quot;,&quot;sizes&quot;:{&quot;start&quot;:0,&quot;end&quot;:100}},&quot;motion_fx_opacity_direction&quot;:&quot;out-in&quot;,&quot;motion_fx_devices&quot;:[&quot;desktop&quot;,&quot;tablet&quot;,&quot;mobile&quot;]}\">\n\t\t\t\t<div class=\"elementor-element elementor-element-10a11dc8 elementor-widget elementor-widget-heading\" data-id=\"10a11dc8\" data-element_type=\"widget\" data-e-type=\"widget\" data-widget_type=\"heading.default\">\n\t\t\t\t<div class=\"elementor-widget-container\">\n\t\t\t\t\t<h2 class=\"elementor-heading-title elementor-size-default\">Bes\u00f6k oss<\/h2>\t\t\t\t<\/div>\n\t\t\t\t<\/div>\n\t\t\t\t<div class=\"elementor-element elementor-element-77523fca elementor-widget__width-initial elementor-widget elementor-widget-heading\" data-id=\"77523fca\" data-element_type=\"widget\" data-e-type=\"widget\" data-widget_type=\"heading.default\">\n\t\t\t\t<div class=\"elementor-widget-container\">\n\t\t\t\t\t<h2 class=\"elementor-heading-title elementor-size-default\">Vi ser fram emot att tr\u00e4ffa er och f\u00e5 er att k\u00e4nna er som hemma hos oss.<\/h2>\t\t\t\t<\/div>\n\t\t\t\t<\/div>\n\t\t\t\t<div class=\"elementor-element elementor-element-23623ebb elementor-widget__width-initial elementor-widget elementor-widget-heading\" data-id=\"23623ebb\" data-element_type=\"widget\" data-e-type=\"widget\" data-widget_type=\"heading.default\">\n\t\t\t\t<div class=\"elementor-widget-container\">\n\t\t\t\t\t<h5 class=\"elementor-heading-title elementor-size-default\">Vi f\u00f6r n\u00e4rvarande har st\u00e4ngt f\u00f6r s\u00e4songen. Vi \u00e4r dock tillg\u00e4ngliga f\u00f6r att besvara era fr\u00e5gor ang\u00e5ende kommande evenemang eller andra \u00e4renden. Tveka inte att kontakta oss s\u00e5 \u00e5terkommer vi s\u00e5 snart som m\u00f6jligt<\/h5>\t\t\t\t<\/div>\n\t\t\t\t<\/div>\n\t\t\t\t<div class=\"elementor-element elementor-element-77953f6e elementor-align-center elementor-invisible elementor-widget elementor-widget-button\" data-id=\"77953f6e\" data-element_type=\"widget\" data-e-type=\"widget\" data-settings=\"{&quot;_animation&quot;:&quot;fadeInUp&quot;}\" data-widget_type=\"button.default\">\n\t\t\t\t<div class=\"elementor-widget-container\">\n\t\t\t\t\t\t\t\t\t<div class=\"elementor-button-wrapper\">\n\t\t\t\t\t<a class=\"elementor-button elementor-button-link elementor-size-sm\" href=\"https:\/\/restaurangasundsholm.com\/kontakta-oss\/\">\n\t\t\t\t\t\t<span class=\"elementor-button-content-wrapper\">\n\t\t\t\t\t\t\t\t\t<span class=\"elementor-button-text\">kontakta Oss<\/span>\n\t\t\t\t\t<\/span>\n\t\t\t\t\t<\/a>\n\t\t\t\t<\/div>\n\t\t\t\t\t\t\t\t<\/div>\n\t\t\t\t<\/div>\n\t\t\t\t<\/div>\n\t\t\t\t\t<\/div>\n\t\t\t\t<\/div>\n\t\t<div class=\"elementor-element elementor-element-3f655ca e-flex e-con-boxed e-con e-parent\" data-id=\"3f655ca\" data-element_type=\"container\" data-e-type=\"container\" data-settings=\"{&quot;background_background&quot;:&quot;classic&quot;}\">\n\t\t\t\t\t<div class=\"e-con-inner\">\n\t\t\t\t\t<\/div>\n\t\t\t\t<\/div>\n\t\t<div class=\"elementor-element elementor-element-683b689 e-con-full e-flex e-con e-parent\" data-id=\"683b689\" data-element_type=\"container\" data-e-type=\"container\" data-settings=\"{&quot;background_background&quot;:&quot;classic&quot;}\">\n\t\t<div class=\"elementor-element elementor-element-2974728 e-con-full e-flex elementor-invisible e-con e-child\" data-id=\"2974728\" data-element_type=\"container\" data-e-type=\"container\" data-settings=\"{&quot;animation&quot;:&quot;fadeInLeft&quot;}\">\n\t\t\t\t<div class=\"elementor-element elementor-element-bedbd5f elementor-widget elementor-widget-heading\" data-id=\"bedbd5f\" data-element_type=\"widget\" data-e-type=\"widget\" data-widget_type=\"heading.default\">\n\t\t\t\t<div class=\"elementor-widget-container\">\n\t\t\t\t\t<h2 class=\"elementor-heading-title elementor-size-default\">v\u00e5r meny<\/h2>\t\t\t\t<\/div>\n\t\t\t\t<\/div>\n\t\t\t\t<div class=\"elementor-element elementor-element-484aedb elementor-widget__width-initial elementor-invisible elementor-widget elementor-widget-heading\" data-id=\"484aedb\" data-element_type=\"widget\" data-e-type=\"widget\" data-settings=\"{&quot;_animation&quot;:&quot;fadeIn&quot;}\" data-widget_type=\"heading.default\">\n\t\t\t\t<div class=\"elementor-widget-container\">\n\t\t\t\t\t<h1 class=\"elementor-heading-title elementor-size-default\">Kreativa menyer inspirerade fr\u00e5n g\u00e5rdarna fr\u00e5n v\u00e4st.<\/h1>\t\t\t\t<\/div>\n\t\t\t\t<\/div>\n\t\t\t\t<\/div>\n\t\t<div class=\"elementor-element elementor-element-d035b64 e-con-full e-flex elementor-invisible e-con e-child\" data-id=\"d035b64\" data-element_type=\"container\" data-e-type=\"container\" data-settings=\"{&quot;animation&quot;:&quot;fadeInDown&quot;}\">\n\t\t\t\t<div class=\"elementor-element elementor-element-11a8eb1 elementor-widget elementor-widget-heading\" data-id=\"11a8eb1\" data-element_type=\"widget\" data-e-type=\"widget\" data-widget_type=\"heading.default\">\n\t\t\t\t<div class=\"elementor-widget-container\">\n\t\t\t\t\t<h5 class=\"elementor-heading-title elementor-size-default\">Utforska v\u00e5ra noggrant sammansatta menyer med omsorgsfullt utvalda ingredienser, som bjuder in till en smakrik resa f\u00f6r dina sinnen...<\/h5>\t\t\t\t<\/div>\n\t\t\t\t<\/div>\n\t\t\t\t<div class=\"elementor-element elementor-element-e62b0c4 elementor-align-center elementor-widget elementor-widget-button\" data-id=\"e62b0c4\" data-element_type=\"widget\" data-e-type=\"widget\" data-widget_type=\"button.default\">\n\t\t\t\t<div class=\"elementor-widget-container\">\n\t\t\t\t\t\t\t\t\t<div class=\"elementor-button-wrapper\">\n\t\t\t\t\t<a class=\"elementor-button elementor-button-link elementor-size-sm\" href=\"https:\/\/restaurangasundsholm.com\/menu-page\/\">\n\t\t\t\t\t\t<span class=\"elementor-button-content-wrapper\">\n\t\t\t\t\t\t\t\t\t<span class=\"elementor-button-text\">Full meny<\/span>\n\t\t\t\t\t<\/span>\n\t\t\t\t\t<\/a>\n\t\t\t\t<\/div>\n\t\t\t\t\t\t\t\t<\/div>\n\t\t\t\t<\/div>\n\t\t\t\t<\/div>\n\t\t\t\t<\/div>\n\t\t\t\t<\/div>\n\t\t","protected":false},"excerpt":{"rendered":"<p>Boka ert bord nedan och f\u00f6rbered er p\u00e5 en h\u00e4rlig stund med god mat, trevligt s\u00e4llskap och en avslappnad atmosf\u00e4r.<\/p>","protected":false},"author":1,"featured_media":553,"parent":0,"menu_order":0,"comment_status":"closed","ping_status":"closed","template":"elementor_header_footer","meta":{"nf_dc_page":"","om_disable_all_campaigns":false,"_monsterinsights_skip_tracking":false,"_monsterinsights_sitenote_active":false,"_monsterinsights_sitenote_note":"","_monsterinsights_sitenote_category":0,"_uf_show_specific_survey":0,"_uf_disable_surveys":false,"footnotes":""},"class_list":["post-41","page","type-page","status-publish","has-post-thumbnail","hentry"],"aioseo_notices":[],"yoast_head":"<!-- This site is optimized with the Yoast SEO plugin v27.5 - https:\/\/yoast.com\/product\/yoast-seo-wordpress\/ -->\n<title>Bes\u00f6k Oss - Restaurang \u00c5sundsholm<\/title>\n<meta name=\"description\" content=\"V\u00e4lkommen till \u00c5sundsholm - Bes\u00f6k oss idag och boka ditt bord f\u00f6r en of\u00f6rgl\u00f6mlig matupplevelse. V\u00e5ra kockar skapar mat med k\u00e4rlek, och v\u00e5r personal ser fram emot att ta hand om dig\" \/>\n<meta name=\"robots\" content=\"index, follow, max-snippet:-1, max-image-preview:large, max-video-preview:-1\" \/>\n<link rel=\"canonical\" href=\"https:\/\/restaurangasundsholm.com\/en\/besok_oss\/\" \/>\n<meta property=\"og:locale\" content=\"en_US\" \/>\n<meta property=\"og:type\" content=\"article\" \/>\n<meta property=\"og:title\" content=\"Bes\u00f6k Oss - Restaurang \u00c5sundsholm\" \/>\n<meta property=\"og:description\" content=\"V\u00e4lkommen till \u00c5sundsholm - Bes\u00f6k oss idag och boka ditt bord f\u00f6r en of\u00f6rgl\u00f6mlig matupplevelse. V\u00e5ra kockar skapar mat med k\u00e4rlek, och v\u00e5r personal ser fram emot att ta hand om dig\" \/>\n<meta property=\"og:url\" content=\"https:\/\/restaurangasundsholm.com\/en\/besok_oss\/\" \/>\n<meta property=\"og:site_name\" content=\"Restaurang \u00c5sundsholm\" \/>\n<meta property=\"article:modified_time\" content=\"2023-12-30T06:54:58+00:00\" \/>\n<meta property=\"og:image\" content=\"https:\/\/restaurangasundsholm.com\/wp-content\/uploads\/2023\/07\/Personal.jpg\" \/>\n\t<meta property=\"og:image:width\" content=\"1024\" \/>\n\t<meta property=\"og:image:height\" content=\"681\" \/>\n\t<meta property=\"og:image:type\" content=\"image\/jpeg\" \/>\n<meta name=\"twitter:card\" content=\"summary_large_image\" \/>\n<meta name=\"twitter:label1\" content=\"Est. reading time\" \/>\n\t<meta name=\"twitter:data1\" content=\"2 minutes\" \/>\n<script type=\"application\/ld+json\" class=\"yoast-schema-graph\">{\"@context\":\"https:\\\/\\\/schema.org\",\"@graph\":[{\"@type\":\"WebPage\",\"@id\":\"https:\\\/\\\/restaurangasundsholm.com\\\/besok_oss\\\/\",\"url\":\"https:\\\/\\\/restaurangasundsholm.com\\\/besok_oss\\\/\",\"name\":\"Bes\u00f6k Oss - Restaurang \u00c5sundsholm\",\"isPartOf\":{\"@id\":\"https:\\\/\\\/restaurangasundsholm.com\\\/#website\"},\"primaryImageOfPage\":{\"@id\":\"https:\\\/\\\/restaurangasundsholm.com\\\/besok_oss\\\/#primaryimage\"},\"image\":{\"@id\":\"https:\\\/\\\/restaurangasundsholm.com\\\/besok_oss\\\/#primaryimage\"},\"thumbnailUrl\":\"https:\\\/\\\/i0.wp.com\\\/restaurangasundsholm.com\\\/wp-content\\\/uploads\\\/2023\\\/07\\\/Personal.jpg?fit=1024%2C681&ssl=1\",\"datePublished\":\"2023-04-15T14:58:46+00:00\",\"dateModified\":\"2023-12-30T06:54:58+00:00\",\"description\":\"V\u00e4lkommen till \u00c5sundsholm - Bes\u00f6k oss idag och boka ditt bord f\u00f6r en of\u00f6rgl\u00f6mlig matupplevelse. V\u00e5ra kockar skapar mat med k\u00e4rlek, och v\u00e5r personal ser fram emot att ta hand om dig\",\"breadcrumb\":{\"@id\":\"https:\\\/\\\/restaurangasundsholm.com\\\/besok_oss\\\/#breadcrumb\"},\"inLanguage\":\"en-US\",\"potentialAction\":[{\"@type\":\"ReadAction\",\"target\":[\"https:\\\/\\\/restaurangasundsholm.com\\\/besok_oss\\\/\"]}]},{\"@type\":\"ImageObject\",\"inLanguage\":\"en-US\",\"@id\":\"https:\\\/\\\/restaurangasundsholm.com\\\/besok_oss\\\/#primaryimage\",\"url\":\"https:\\\/\\\/i0.wp.com\\\/restaurangasundsholm.com\\\/wp-content\\\/uploads\\\/2023\\\/07\\\/Personal.jpg?fit=1024%2C681&ssl=1\",\"contentUrl\":\"https:\\\/\\\/i0.wp.com\\\/restaurangasundsholm.com\\\/wp-content\\\/uploads\\\/2023\\\/07\\\/Personal.jpg?fit=1024%2C681&ssl=1\",\"width\":1024,\"height\":681},{\"@type\":\"BreadcrumbList\",\"@id\":\"https:\\\/\\\/restaurangasundsholm.com\\\/besok_oss\\\/#breadcrumb\",\"itemListElement\":[{\"@type\":\"ListItem\",\"position\":1,\"name\":\"Home\",\"item\":\"https:\\\/\\\/restaurangasundsholm.com\\\/\"},{\"@type\":\"ListItem\",\"position\":2,\"name\":\"Bes\u00f6k Oss\"}]},{\"@type\":\"WebSite\",\"@id\":\"https:\\\/\\\/restaurangasundsholm.com\\\/#website\",\"url\":\"https:\\\/\\\/restaurangasundsholm.com\\\/\",\"name\":\"Restaurang \u00c5sundsholm\",\"description\":\"\",\"publisher\":{\"@id\":\"https:\\\/\\\/restaurangasundsholm.com\\\/#organization\"},\"potentialAction\":[{\"@type\":\"SearchAction\",\"target\":{\"@type\":\"EntryPoint\",\"urlTemplate\":\"https:\\\/\\\/restaurangasundsholm.com\\\/?s={search_term_string}\"},\"query-input\":{\"@type\":\"PropertyValueSpecification\",\"valueRequired\":true,\"valueName\":\"search_term_string\"}}],\"inLanguage\":\"en-US\"},{\"@type\":\"Organization\",\"@id\":\"https:\\\/\\\/restaurangasundsholm.com\\\/#organization\",\"name\":\"Restaurang \u00c5sundsholm\",\"url\":\"https:\\\/\\\/restaurangasundsholm.com\\\/\",\"logo\":{\"@type\":\"ImageObject\",\"inLanguage\":\"en-US\",\"@id\":\"https:\\\/\\\/restaurangasundsholm.com\\\/#\\\/schema\\\/logo\\\/image\\\/\",\"url\":\"https:\\\/\\\/i0.wp.com\\\/restaurangasundsholm.com\\\/wp-content\\\/uploads\\\/2023\\\/04\\\/Asundsholm-logo-hus.png?fit=567%2C284&ssl=1\",\"contentUrl\":\"https:\\\/\\\/i0.wp.com\\\/restaurangasundsholm.com\\\/wp-content\\\/uploads\\\/2023\\\/04\\\/Asundsholm-logo-hus.png?fit=567%2C284&ssl=1\",\"width\":567,\"height\":284,\"caption\":\"Restaurang \u00c5sundsholm\"},\"image\":{\"@id\":\"https:\\\/\\\/restaurangasundsholm.com\\\/#\\\/schema\\\/logo\\\/image\\\/\"}}]}<\/script>\n<!-- \/ Yoast SEO plugin. -->","yoast_head_json":{"title":"Bes\u00f6k Oss - Restaurang \u00c5sundsholm","description":"V\u00e4lkommen till \u00c5sundsholm - Bes\u00f6k oss idag och boka ditt bord f\u00f6r en of\u00f6rgl\u00f6mlig matupplevelse. V\u00e5ra kockar skapar mat med k\u00e4rlek, och v\u00e5r personal ser fram emot att ta hand om dig","robots":{"index":"index","follow":"follow","max-snippet":"max-snippet:-1","max-image-preview":"max-image-preview:large","max-video-preview":"max-video-preview:-1"},"canonical":"https:\/\/restaurangasundsholm.com\/en\/besok_oss\/","og_locale":"en_US","og_type":"article","og_title":"Bes\u00f6k Oss - Restaurang \u00c5sundsholm","og_description":"V\u00e4lkommen till \u00c5sundsholm - Bes\u00f6k oss idag och boka ditt bord f\u00f6r en of\u00f6rgl\u00f6mlig matupplevelse. V\u00e5ra kockar skapar mat med k\u00e4rlek, och v\u00e5r personal ser fram emot att ta hand om dig","og_url":"https:\/\/restaurangasundsholm.com\/en\/besok_oss\/","og_site_name":"Restaurang \u00c5sundsholm","article_modified_time":"2023-12-30T06:54:58+00:00","og_image":[{"width":1024,"height":681,"url":"https:\/\/restaurangasundsholm.com\/wp-content\/uploads\/2023\/07\/Personal.jpg","type":"image\/jpeg"}],"twitter_card":"summary_large_image","twitter_misc":{"Est. reading time":"2 minutes"},"schema":{"@context":"https:\/\/schema.org","@graph":[{"@type":"WebPage","@id":"https:\/\/restaurangasundsholm.com\/besok_oss\/","url":"https:\/\/restaurangasundsholm.com\/besok_oss\/","name":"Bes\u00f6k Oss - Restaurang \u00c5sundsholm","isPartOf":{"@id":"https:\/\/restaurangasundsholm.com\/#website"},"primaryImageOfPage":{"@id":"https:\/\/restaurangasundsholm.com\/besok_oss\/#primaryimage"},"image":{"@id":"https:\/\/restaurangasundsholm.com\/besok_oss\/#primaryimage"},"thumbnailUrl":"https:\/\/i0.wp.com\/restaurangasundsholm.com\/wp-content\/uploads\/2023\/07\/Personal.jpg?fit=1024%2C681&ssl=1","datePublished":"2023-04-15T14:58:46+00:00","dateModified":"2023-12-30T06:54:58+00:00","description":"V\u00e4lkommen till \u00c5sundsholm - Bes\u00f6k oss idag och boka ditt bord f\u00f6r en of\u00f6rgl\u00f6mlig matupplevelse. V\u00e5ra kockar skapar mat med k\u00e4rlek, och v\u00e5r personal ser fram emot att ta hand om dig","breadcrumb":{"@id":"https:\/\/restaurangasundsholm.com\/besok_oss\/#breadcrumb"},"inLanguage":"en-US","potentialAction":[{"@type":"ReadAction","target":["https:\/\/restaurangasundsholm.com\/besok_oss\/"]}]},{"@type":"ImageObject","inLanguage":"en-US","@id":"https:\/\/restaurangasundsholm.com\/besok_oss\/#primaryimage","url":"https:\/\/i0.wp.com\/restaurangasundsholm.com\/wp-content\/uploads\/2023\/07\/Personal.jpg?fit=1024%2C681&ssl=1","contentUrl":"https:\/\/i0.wp.com\/restaurangasundsholm.com\/wp-content\/uploads\/2023\/07\/Personal.jpg?fit=1024%2C681&ssl=1","width":1024,"height":681},{"@type":"BreadcrumbList","@id":"https:\/\/restaurangasundsholm.com\/besok_oss\/#breadcrumb","itemListElement":[{"@type":"ListItem","position":1,"name":"Home","item":"https:\/\/restaurangasundsholm.com\/"},{"@type":"ListItem","position":2,"name":"Bes\u00f6k Oss"}]},{"@type":"WebSite","@id":"https:\/\/restaurangasundsholm.com\/#website","url":"https:\/\/restaurangasundsholm.com\/","name":"Restaurang \u00c5sundsholm","description":"","publisher":{"@id":"https:\/\/restaurangasundsholm.com\/#organization"},"potentialAction":[{"@type":"SearchAction","target":{"@type":"EntryPoint","urlTemplate":"https:\/\/restaurangasundsholm.com\/?s={search_term_string}"},"query-input":{"@type":"PropertyValueSpecification","valueRequired":true,"valueName":"search_term_string"}}],"inLanguage":"en-US"},{"@type":"Organization","@id":"https:\/\/restaurangasundsholm.com\/#organization","name":"Restaurang \u00c5sundsholm","url":"https:\/\/restaurangasundsholm.com\/","logo":{"@type":"ImageObject","inLanguage":"en-US","@id":"https:\/\/restaurangasundsholm.com\/#\/schema\/logo\/image\/","url":"https:\/\/i0.wp.com\/restaurangasundsholm.com\/wp-content\/uploads\/2023\/04\/Asundsholm-logo-hus.png?fit=567%2C284&ssl=1","contentUrl":"https:\/\/i0.wp.com\/restaurangasundsholm.com\/wp-content\/uploads\/2023\/04\/Asundsholm-logo-hus.png?fit=567%2C284&ssl=1","width":567,"height":284,"caption":"Restaurang \u00c5sundsholm"},"image":{"@id":"https:\/\/restaurangasundsholm.com\/#\/schema\/logo\/image\/"}}]}},"jetpack_sharing_enabled":true,"_links":{"self":[{"href":"https:\/\/restaurangasundsholm.com\/en\/wp-json\/wp\/v2\/pages\/41","targetHints":{"allow":["GET"]}}],"collection":[{"href":"https:\/\/restaurangasundsholm.com\/en\/wp-json\/wp\/v2\/pages"}],"about":[{"href":"https:\/\/restaurangasundsholm.com\/en\/wp-json\/wp\/v2\/types\/page"}],"author":[{"embeddable":true,"href":"https:\/\/restaurangasundsholm.com\/en\/wp-json\/wp\/v2\/users\/1"}],"replies":[{"embeddable":true,"href":"https:\/\/restaurangasundsholm.com\/en\/wp-json\/wp\/v2\/comments?post=41"}],"version-history":[{"count":5,"href":"https:\/\/restaurangasundsholm.com\/en\/wp-json\/wp\/v2\/pages\/41\/revisions"}],"predecessor-version":[{"id":1082,"href":"https:\/\/restaurangasundsholm.com\/en\/wp-json\/wp\/v2\/pages\/41\/revisions\/1082"}],"wp:featuredmedia":[{"embeddable":true,"href":"https:\/\/restaurangasundsholm.com\/en\/wp-json\/wp\/v2\/media\/553"}],"wp:attachment":[{"href":"https:\/\/restaurangasundsholm.com\/en\/wp-json\/wp\/v2\/media?parent=41"}],"curies":[{"name":"wp","href":"https:\/\/api.w.org\/{rel}","templated":true}]}}