{"id":1635,"date":"2024-07-26T08:15:00","date_gmt":"2024-07-26T08:15:00","guid":{"rendered":"https:\/\/restaurangasundsholm.com\/?page_id=1635"},"modified":"2024-07-26T08:38:31","modified_gmt":"2024-07-26T08:38:31","slug":"annie-hesselstad","status":"publish","type":"page","link":"https:\/\/restaurangasundsholm.com\/en\/annie-hesselstad\/","title":{"rendered":"Annie Hesselstad"},"content":{"rendered":"\t\t<div data-elementor-type=\"wp-page\" data-elementor-id=\"1635\" class=\"elementor elementor-1635\" data-elementor-post-type=\"page\">\n\t\t\t\t<div class=\"elementor-element elementor-element-dd258a2 e-con-full e-flex e-con e-parent\" data-id=\"dd258a2\" data-element_type=\"container\" data-e-type=\"container\">\n\t\t<div class=\"elementor-element elementor-element-6d94565 e-con-full e-flex e-con e-child\" data-id=\"6d94565\" data-element_type=\"container\" data-e-type=\"container\" data-settings=\"{&quot;background_background&quot;:&quot;classic&quot;,&quot;background_motion_fx_motion_fx_scrolling&quot;:&quot;yes&quot;,&quot;background_motion_fx_devices&quot;:[&quot;desktop&quot;,&quot;tablet&quot;,&quot;mobile&quot;]}\">\n\t\t\t\t<\/div>\n\t\t\t\t<\/div>\n\t\t<div class=\"elementor-element elementor-element-e5973dc e-flex e-con-boxed e-con e-parent\" data-id=\"e5973dc\" data-element_type=\"container\" data-e-type=\"container\">\n\t\t\t\t\t<div class=\"e-con-inner\">\n\t\t\t\t<div class=\"elementor-element elementor-element-533dc89 elementor-widget elementor-widget-heading\" data-id=\"533dc89\" data-element_type=\"widget\" data-e-type=\"widget\" data-widget_type=\"heading.default\">\n\t\t\t\t<div class=\"elementor-widget-container\">\n\t\t\t\t\t<h2 class=\"elementor-heading-title elementor-size-default\">Nobel dessert med Annie Hesselstad 16-17 Augusti<\/h2>\t\t\t\t<\/div>\n\t\t\t\t<\/div>\n\t\t\t\t<div class=\"elementor-element elementor-element-f8d0cc9 elementor-widget elementor-widget-text-editor\" data-id=\"f8d0cc9\" data-element_type=\"widget\" data-e-type=\"widget\" data-widget_type=\"text-editor.default\">\n\t\t\t\t<div class=\"elementor-widget-container\">\n\t\t\t\t\t\t\t\t\t<p>Vi \u00e4r stolta och glada att kunna meddela att superstj\u00e4rnan Annie Hesselstad g\u00e4star oss f\u00f6r en exklusiv Nobeldessert den 16\u00a0<span style=\"color: var( --e-global-color-text );\">och 17\u00a0<\/span><span style=\"color: var( --e-global-color-text );\">augusti! \ud83c\udf1f Missa inte chansen att uppleva hennes magi.<\/span><\/p><p>Under tv\u00e5 of\u00f6rgl\u00f6mliga kv\u00e4llar kommer Annie att presentera inte bara ett, utan tv\u00e5 \u00e5rs Nobeldesserter. Som om det inte vore nog, bjuder vi ocks\u00e5 p\u00e5 en eller tv\u00e5 extra desserter samt uts\u00f6kta sm\u00e5r\u00e4tter fr\u00e5n v\u00e5rt eget k\u00f6k. Annie har med sin kreativitet och passion redan spridit gl\u00e4dje och inspiration i v\u00e5r planering, och vi kan knappt v\u00e4nta p\u00e5 att dela detta med er!<\/p>\t\t\t\t\t\t\t\t<\/div>\n\t\t\t\t<\/div>\n\t\t\t\t\t<\/div>\n\t\t\t\t<\/div>\n\t\t<div class=\"elementor-element elementor-element-f75443a e-flex e-con-boxed e-con e-parent\" data-id=\"f75443a\" data-element_type=\"container\" data-e-type=\"container\">\n\t\t\t\t\t<div class=\"e-con-inner\">\n\t\t<div class=\"elementor-element elementor-element-75a6cb5 e-con-full e-flex e-con e-child\" data-id=\"75a6cb5\" data-element_type=\"container\" data-e-type=\"container\">\n\t\t<div class=\"elementor-element elementor-element-3a4e9cc e-con-full e-flex e-con e-child\" data-id=\"3a4e9cc\" data-element_type=\"container\" data-e-type=\"container\">\n\t\t\t\t<div class=\"elementor-element elementor-element-a78ca5d elementor-widget elementor-widget-image\" data-id=\"a78ca5d\" data-element_type=\"widget\" data-e-type=\"widget\" data-widget_type=\"image.default\">\n\t\t\t\t<div class=\"elementor-widget-container\">\n\t\t\t\t\t\t\t\t\t\t\t\t\t\t\t<img fetchpriority=\"high\" decoding=\"async\" width=\"1587\" height=\"2245\" src=\"https:\/\/i0.wp.com\/restaurangasundsholm.com\/wp-content\/uploads\/2024\/07\/Nobel-middag-.jpg?fit=1587%2C2245&amp;ssl=1\" class=\"attachment-full size-full wp-image-1631\" alt=\"\" srcset=\"https:\/\/i0.wp.com\/restaurangasundsholm.com\/wp-content\/uploads\/2024\/07\/Nobel-middag-.jpg?w=1587&amp;ssl=1 1587w, https:\/\/i0.wp.com\/restaurangasundsholm.com\/wp-content\/uploads\/2024\/07\/Nobel-middag-.jpg?resize=212%2C300&amp;ssl=1 212w, https:\/\/i0.wp.com\/restaurangasundsholm.com\/wp-content\/uploads\/2024\/07\/Nobel-middag-.jpg?resize=724%2C1024&amp;ssl=1 724w, https:\/\/i0.wp.com\/restaurangasundsholm.com\/wp-content\/uploads\/2024\/07\/Nobel-middag-.jpg?resize=768%2C1086&amp;ssl=1 768w, https:\/\/i0.wp.com\/restaurangasundsholm.com\/wp-content\/uploads\/2024\/07\/Nobel-middag-.jpg?resize=1086%2C1536&amp;ssl=1 1086w, https:\/\/i0.wp.com\/restaurangasundsholm.com\/wp-content\/uploads\/2024\/07\/Nobel-middag-.jpg?resize=1448%2C2048&amp;ssl=1 1448w, https:\/\/i0.wp.com\/restaurangasundsholm.com\/wp-content\/uploads\/2024\/07\/Nobel-middag-.jpg?resize=8%2C12&amp;ssl=1 8w\" sizes=\"(max-width: 800px) 100vw, 800px\" \/>\t\t\t\t\t\t\t\t\t\t\t\t\t\t\t<\/div>\n\t\t\t\t<\/div>\n\t\t\t\t<\/div>\n\t\t<div class=\"elementor-element elementor-element-aa31ce6 e-con-full e-flex e-con e-child\" data-id=\"aa31ce6\" data-element_type=\"container\" data-e-type=\"container\">\n\t\t\t\t<div class=\"elementor-element elementor-element-cab56c6 elementor-widget elementor-widget-text-editor\" data-id=\"cab56c6\" data-element_type=\"widget\" data-e-type=\"widget\" data-widget_type=\"text-editor.default\">\n\t\t\t\t<div class=\"elementor-widget-container\">\n\t\t\t\t\t\t\t\t\t<p>Njut av en fint komponerad avsmakningsmeny d\u00e4r Annies otroliga desserter kombineras med v\u00e5ra uts\u00f6kta sm\u00e5r\u00e4tter och ett noggrant utvalt dryckespaket.<\/p><p>Detta \u00e4r en upplevelse ni inte vill missa! Vi ser fram emot att v\u00e4lkomna er till tv\u00e5 kv\u00e4llar fyllda med smak, gl\u00e4dje och stj\u00e4rnglans.<\/p><p>Vi ses p\u00e5 \u00c5sundsholms herrg\u00e5rd! \ud83c\udf3c<\/p>\t\t\t\t\t\t\t\t<\/div>\n\t\t\t\t<\/div>\n\t\t\t\t<div class=\"elementor-element elementor-element-d53dd65 elementor-widget elementor-widget-text-editor\" data-id=\"d53dd65\" data-element_type=\"widget\" data-e-type=\"widget\" data-widget_type=\"text-editor.default\">\n\t\t\t\t<div class=\"elementor-widget-container\">\n\t\t\t\t\t\t\t\t\t<p><strong>N\u00e4r:<\/strong> 16\/17 augusti\u00a0<\/p><p><strong>Tid:<\/strong> Kl 17.00\u00a0<\/p><p><strong>Pris:<\/strong> Middag: 1000kr per kuvert, dryckespaket: 700kr\u00a0<\/p><p><strong>Boka:<\/strong> Boka via info@restaurangasundsholm.com. OBS! Endast 30 platser per tillf\u00e4lle &#8211; boka i tid.<\/p>\t\t\t\t\t\t\t\t<\/div>\n\t\t\t\t<\/div>\n\t\t\t\t<div class=\"elementor-element elementor-element-ab72f5f elementor-shape-circle e-grid-align-left elementor-grid-0 elementor-widget elementor-widget-social-icons\" data-id=\"ab72f5f\" data-element_type=\"widget\" data-e-type=\"widget\" data-widget_type=\"social-icons.default\">\n\t\t\t\t<div class=\"elementor-widget-container\">\n\t\t\t\t\t\t\t<div class=\"elementor-social-icons-wrapper elementor-grid\">\n\t\t\t\t\t\t\t<span class=\"elementor-grid-item\">\n\t\t\t\t\t<a class=\"elementor-icon elementor-social-icon elementor-social-icon-instagram elementor-repeater-item-38c7f51\" href=\"https:\/\/www.instagram.com\/anniehesselstad\/\" target=\"_blank\">\n\t\t\t\t\t\t<span class=\"elementor-screen-only\">Instagram<\/span>\n\t\t\t\t\t\t<svg aria-hidden=\"true\" class=\"e-font-icon-svg e-fab-instagram\" viewBox=\"0 0 448 512\" xmlns=\"http:\/\/www.w3.org\/2000\/svg\"><path d=\"M224.1 141c-63.6 0-114.9 51.3-114.9 114.9s51.3 114.9 114.9 114.9S339 319.5 339 255.9 287.7 141 224.1 141zm0 189.6c-41.1 0-74.7-33.5-74.7-74.7s33.5-74.7 74.7-74.7 74.7 33.5 74.7 74.7-33.6 74.7-74.7 74.7zm146.4-194.3c0 14.9-12 26.8-26.8 26.8-14.9 0-26.8-12-26.8-26.8s12-26.8 26.8-26.8 26.8 12 26.8 26.8zm76.1 27.2c-1.7-35.9-9.9-67.7-36.2-93.9-26.2-26.2-58-34.4-93.9-36.2-37-2.1-147.9-2.1-184.9 0-35.8 1.7-67.6 9.9-93.9 36.1s-34.4 58-36.2 93.9c-2.1 37-2.1 147.9 0 184.9 1.7 35.9 9.9 67.7 36.2 93.9s58 34.4 93.9 36.2c37 2.1 147.9 2.1 184.9 0 35.9-1.7 67.7-9.9 93.9-36.2 26.2-26.2 34.4-58 36.2-93.9 2.1-37 2.1-147.8 0-184.8zM398.8 388c-7.8 19.6-22.9 34.7-42.6 42.6-29.5 11.7-99.5 9-132.1 9s-102.7 2.6-132.1-9c-19.6-7.8-34.7-22.9-42.6-42.6-11.7-29.5-9-99.5-9-132.1s-2.6-102.7 9-132.1c7.8-19.6 22.9-34.7 42.6-42.6 29.5-11.7 99.5-9 132.1-9s102.7-2.6 132.1 9c19.6 7.8 34.7 22.9 42.6 42.6 11.7 29.5 9 99.5 9 132.1s2.7 102.7-9 132.1z\"><\/path><\/svg>\t\t\t\t\t<\/a>\n\t\t\t\t<\/span>\n\t\t\t\t\t<\/div>\n\t\t\t\t\t\t<\/div>\n\t\t\t\t<\/div>\n\t\t\t\t<div class=\"elementor-element elementor-element-0e8bff2 elementor-align-center elementor-invisible elementor-widget elementor-widget-button\" data-id=\"0e8bff2\" data-element_type=\"widget\" data-e-type=\"widget\" data-settings=\"{&quot;_animation&quot;:&quot;fadeInUp&quot;}\" data-widget_type=\"button.default\">\n\t\t\t\t<div class=\"elementor-widget-container\">\n\t\t\t\t\t\t\t\t\t<div class=\"elementor-button-wrapper\">\n\t\t\t\t\t<a class=\"elementor-button elementor-button-link elementor-size-sm\" href=\"mailto:info@restaurangasundsholm.com\">\n\t\t\t\t\t\t<span class=\"elementor-button-content-wrapper\">\n\t\t\t\t\t\t\t\t\t<span class=\"elementor-button-text\">Boka <\/span>\n\t\t\t\t\t<\/span>\n\t\t\t\t\t<\/a>\n\t\t\t\t<\/div>\n\t\t\t\t\t\t\t\t<\/div>\n\t\t\t\t<\/div>\n\t\t\t\t<\/div>\n\t\t\t\t<\/div>\n\t\t\t\t\t<\/div>\n\t\t\t\t<\/div>\n\t\t<div class=\"elementor-element elementor-element-8dc5829 e-flex e-con-boxed e-con e-parent\" data-id=\"8dc5829\" data-element_type=\"container\" data-e-type=\"container\">\n\t\t\t\t\t<div class=\"e-con-inner\">\n\t\t<div class=\"elementor-element elementor-element-408b1cb e-con-full e-flex e-con e-child\" data-id=\"408b1cb\" data-element_type=\"container\" data-e-type=\"container\">\n\t\t\t\t<div class=\"elementor-element elementor-element-fb002e5 elementor-widget elementor-widget-heading\" data-id=\"fb002e5\" data-element_type=\"widget\" data-e-type=\"widget\" data-widget_type=\"heading.default\">\n\t\t\t\t<div class=\"elementor-widget-container\">\n\t\t\t\t\t<h2 class=\"elementor-heading-title elementor-size-default\">Varmt v\u00e4lkomna<\/h2>\t\t\t\t<\/div>\n\t\t\t\t<\/div>\n\t\t\t\t<\/div>\n\t\t\t\t\t<\/div>\n\t\t\t\t<\/div>\n\t\t\t\t<\/div>\n\t\t","protected":false},"excerpt":{"rendered":"<p>Vi \u00e4r stolta och glada att kunna meddela att superstj\u00e4rnan Annie Hesselstad g\u00e4star oss f\u00f6r en exklusiv Nobeldessert den 16\u00a0och 17\u00a0augusti! ? Missa inte chansen att uppleva hennes magi.<\/p>","protected":false},"author":2,"featured_media":1638,"parent":0,"menu_order":0,"comment_status":"closed","ping_status":"closed","template":"","meta":{"nf_dc_page":"","om_disable_all_campaigns":false,"_monsterinsights_skip_tracking":false,"_monsterinsights_sitenote_active":false,"_monsterinsights_sitenote_note":"","_monsterinsights_sitenote_category":0,"_uf_show_specific_survey":0,"_uf_disable_surveys":false,"footnotes":""},"class_list":["post-1635","page","type-page","status-publish","has-post-thumbnail","hentry"],"aioseo_notices":[],"yoast_head":"<!-- This site is optimized with the Yoast SEO plugin v27.5 - https:\/\/yoast.com\/product\/yoast-seo-wordpress\/ -->\n<title>Annie Hesselstad - Restaurang \u00c5sundsholm<\/title>\n<meta name=\"robots\" content=\"index, follow, max-snippet:-1, max-image-preview:large, max-video-preview:-1\" \/>\n<link rel=\"canonical\" href=\"https:\/\/restaurangasundsholm.com\/en\/annie-hesselstad\/\" \/>\n<meta property=\"og:locale\" content=\"en_US\" \/>\n<meta property=\"og:type\" content=\"article\" \/>\n<meta property=\"og:title\" content=\"Annie Hesselstad - Restaurang \u00c5sundsholm\" \/>\n<meta property=\"og:description\" content=\"Vi \u00e4r stolta och glada att kunna meddela att superstj\u00e4rnan Annie Hesselstad g\u00e4star oss f\u00f6r en exklusiv Nobeldessert den 16\u00a0och 17\u00a0augusti! ? Missa inte chansen att uppleva hennes magi.\" \/>\n<meta property=\"og:url\" content=\"https:\/\/restaurangasundsholm.com\/en\/annie-hesselstad\/\" \/>\n<meta property=\"og:site_name\" content=\"Restaurang \u00c5sundsholm\" \/>\n<meta property=\"article:modified_time\" content=\"2024-07-26T08:38:31+00:00\" \/>\n<meta property=\"og:image\" content=\"https:\/\/restaurangasundsholm.com\/wp-content\/uploads\/2024\/07\/Untitled-design.jpg\" \/>\n\t<meta property=\"og:image:width\" content=\"1920\" \/>\n\t<meta property=\"og:image:height\" content=\"1281\" \/>\n\t<meta property=\"og:image:type\" content=\"image\/jpeg\" \/>\n<meta name=\"twitter:card\" content=\"summary_large_image\" \/>\n<meta name=\"twitter:label1\" content=\"Est. reading time\" \/>\n\t<meta name=\"twitter:data1\" content=\"1 minute\" \/>\n<script type=\"application\/ld+json\" class=\"yoast-schema-graph\">{\"@context\":\"https:\\\/\\\/schema.org\",\"@graph\":[{\"@type\":\"WebPage\",\"@id\":\"https:\\\/\\\/restaurangasundsholm.com\\\/annie-hesselstad\\\/\",\"url\":\"https:\\\/\\\/restaurangasundsholm.com\\\/annie-hesselstad\\\/\",\"name\":\"Annie Hesselstad - Restaurang \u00c5sundsholm\",\"isPartOf\":{\"@id\":\"https:\\\/\\\/restaurangasundsholm.com\\\/#website\"},\"primaryImageOfPage\":{\"@id\":\"https:\\\/\\\/restaurangasundsholm.com\\\/annie-hesselstad\\\/#primaryimage\"},\"image\":{\"@id\":\"https:\\\/\\\/restaurangasundsholm.com\\\/annie-hesselstad\\\/#primaryimage\"},\"thumbnailUrl\":\"https:\\\/\\\/i0.wp.com\\\/restaurangasundsholm.com\\\/wp-content\\\/uploads\\\/2024\\\/07\\\/Untitled-design.jpg?fit=1920%2C1281&ssl=1\",\"datePublished\":\"2024-07-26T08:15:00+00:00\",\"dateModified\":\"2024-07-26T08:38:31+00:00\",\"breadcrumb\":{\"@id\":\"https:\\\/\\\/restaurangasundsholm.com\\\/annie-hesselstad\\\/#breadcrumb\"},\"inLanguage\":\"en-US\",\"potentialAction\":[{\"@type\":\"ReadAction\",\"target\":[\"https:\\\/\\\/restaurangasundsholm.com\\\/annie-hesselstad\\\/\"]}]},{\"@type\":\"ImageObject\",\"inLanguage\":\"en-US\",\"@id\":\"https:\\\/\\\/restaurangasundsholm.com\\\/annie-hesselstad\\\/#primaryimage\",\"url\":\"https:\\\/\\\/i0.wp.com\\\/restaurangasundsholm.com\\\/wp-content\\\/uploads\\\/2024\\\/07\\\/Untitled-design.jpg?fit=1920%2C1281&ssl=1\",\"contentUrl\":\"https:\\\/\\\/i0.wp.com\\\/restaurangasundsholm.com\\\/wp-content\\\/uploads\\\/2024\\\/07\\\/Untitled-design.jpg?fit=1920%2C1281&ssl=1\",\"width\":1920,\"height\":1281},{\"@type\":\"BreadcrumbList\",\"@id\":\"https:\\\/\\\/restaurangasundsholm.com\\\/annie-hesselstad\\\/#breadcrumb\",\"itemListElement\":[{\"@type\":\"ListItem\",\"position\":1,\"name\":\"Home\",\"item\":\"https:\\\/\\\/restaurangasundsholm.com\\\/\"},{\"@type\":\"ListItem\",\"position\":2,\"name\":\"Annie Hesselstad\"}]},{\"@type\":\"WebSite\",\"@id\":\"https:\\\/\\\/restaurangasundsholm.com\\\/#website\",\"url\":\"https:\\\/\\\/restaurangasundsholm.com\\\/\",\"name\":\"Restaurang \u00c5sundsholm\",\"description\":\"\",\"publisher\":{\"@id\":\"https:\\\/\\\/restaurangasundsholm.com\\\/#organization\"},\"potentialAction\":[{\"@type\":\"SearchAction\",\"target\":{\"@type\":\"EntryPoint\",\"urlTemplate\":\"https:\\\/\\\/restaurangasundsholm.com\\\/?s={search_term_string}\"},\"query-input\":{\"@type\":\"PropertyValueSpecification\",\"valueRequired\":true,\"valueName\":\"search_term_string\"}}],\"inLanguage\":\"en-US\"},{\"@type\":\"Organization\",\"@id\":\"https:\\\/\\\/restaurangasundsholm.com\\\/#organization\",\"name\":\"Restaurang \u00c5sundsholm\",\"url\":\"https:\\\/\\\/restaurangasundsholm.com\\\/\",\"logo\":{\"@type\":\"ImageObject\",\"inLanguage\":\"en-US\",\"@id\":\"https:\\\/\\\/restaurangasundsholm.com\\\/#\\\/schema\\\/logo\\\/image\\\/\",\"url\":\"https:\\\/\\\/i0.wp.com\\\/restaurangasundsholm.com\\\/wp-content\\\/uploads\\\/2023\\\/04\\\/Asundsholm-logo-hus.png?fit=567%2C284&ssl=1\",\"contentUrl\":\"https:\\\/\\\/i0.wp.com\\\/restaurangasundsholm.com\\\/wp-content\\\/uploads\\\/2023\\\/04\\\/Asundsholm-logo-hus.png?fit=567%2C284&ssl=1\",\"width\":567,\"height\":284,\"caption\":\"Restaurang \u00c5sundsholm\"},\"image\":{\"@id\":\"https:\\\/\\\/restaurangasundsholm.com\\\/#\\\/schema\\\/logo\\\/image\\\/\"}}]}<\/script>\n<!-- \/ Yoast SEO plugin. -->","yoast_head_json":{"title":"Annie Hesselstad - Restaurang \u00c5sundsholm","robots":{"index":"index","follow":"follow","max-snippet":"max-snippet:-1","max-image-preview":"max-image-preview:large","max-video-preview":"max-video-preview:-1"},"canonical":"https:\/\/restaurangasundsholm.com\/en\/annie-hesselstad\/","og_locale":"en_US","og_type":"article","og_title":"Annie Hesselstad - Restaurang \u00c5sundsholm","og_description":"Vi \u00e4r stolta och glada att kunna meddela att superstj\u00e4rnan Annie Hesselstad g\u00e4star oss f\u00f6r en exklusiv Nobeldessert den 16\u00a0och 17\u00a0augusti! ? Missa inte chansen att uppleva hennes magi.","og_url":"https:\/\/restaurangasundsholm.com\/en\/annie-hesselstad\/","og_site_name":"Restaurang \u00c5sundsholm","article_modified_time":"2024-07-26T08:38:31+00:00","og_image":[{"width":1920,"height":1281,"url":"https:\/\/restaurangasundsholm.com\/wp-content\/uploads\/2024\/07\/Untitled-design.jpg","type":"image\/jpeg"}],"twitter_card":"summary_large_image","twitter_misc":{"Est. reading time":"1 minute"},"schema":{"@context":"https:\/\/schema.org","@graph":[{"@type":"WebPage","@id":"https:\/\/restaurangasundsholm.com\/annie-hesselstad\/","url":"https:\/\/restaurangasundsholm.com\/annie-hesselstad\/","name":"Annie Hesselstad - Restaurang \u00c5sundsholm","isPartOf":{"@id":"https:\/\/restaurangasundsholm.com\/#website"},"primaryImageOfPage":{"@id":"https:\/\/restaurangasundsholm.com\/annie-hesselstad\/#primaryimage"},"image":{"@id":"https:\/\/restaurangasundsholm.com\/annie-hesselstad\/#primaryimage"},"thumbnailUrl":"https:\/\/i0.wp.com\/restaurangasundsholm.com\/wp-content\/uploads\/2024\/07\/Untitled-design.jpg?fit=1920%2C1281&ssl=1","datePublished":"2024-07-26T08:15:00+00:00","dateModified":"2024-07-26T08:38:31+00:00","breadcrumb":{"@id":"https:\/\/restaurangasundsholm.com\/annie-hesselstad\/#breadcrumb"},"inLanguage":"en-US","potentialAction":[{"@type":"ReadAction","target":["https:\/\/restaurangasundsholm.com\/annie-hesselstad\/"]}]},{"@type":"ImageObject","inLanguage":"en-US","@id":"https:\/\/restaurangasundsholm.com\/annie-hesselstad\/#primaryimage","url":"https:\/\/i0.wp.com\/restaurangasundsholm.com\/wp-content\/uploads\/2024\/07\/Untitled-design.jpg?fit=1920%2C1281&ssl=1","contentUrl":"https:\/\/i0.wp.com\/restaurangasundsholm.com\/wp-content\/uploads\/2024\/07\/Untitled-design.jpg?fit=1920%2C1281&ssl=1","width":1920,"height":1281},{"@type":"BreadcrumbList","@id":"https:\/\/restaurangasundsholm.com\/annie-hesselstad\/#breadcrumb","itemListElement":[{"@type":"ListItem","position":1,"name":"Home","item":"https:\/\/restaurangasundsholm.com\/"},{"@type":"ListItem","position":2,"name":"Annie Hesselstad"}]},{"@type":"WebSite","@id":"https:\/\/restaurangasundsholm.com\/#website","url":"https:\/\/restaurangasundsholm.com\/","name":"Restaurang \u00c5sundsholm","description":"","publisher":{"@id":"https:\/\/restaurangasundsholm.com\/#organization"},"potentialAction":[{"@type":"SearchAction","target":{"@type":"EntryPoint","urlTemplate":"https:\/\/restaurangasundsholm.com\/?s={search_term_string}"},"query-input":{"@type":"PropertyValueSpecification","valueRequired":true,"valueName":"search_term_string"}}],"inLanguage":"en-US"},{"@type":"Organization","@id":"https:\/\/restaurangasundsholm.com\/#organization","name":"Restaurang \u00c5sundsholm","url":"https:\/\/restaurangasundsholm.com\/","logo":{"@type":"ImageObject","inLanguage":"en-US","@id":"https:\/\/restaurangasundsholm.com\/#\/schema\/logo\/image\/","url":"https:\/\/i0.wp.com\/restaurangasundsholm.com\/wp-content\/uploads\/2023\/04\/Asundsholm-logo-hus.png?fit=567%2C284&ssl=1","contentUrl":"https:\/\/i0.wp.com\/restaurangasundsholm.com\/wp-content\/uploads\/2023\/04\/Asundsholm-logo-hus.png?fit=567%2C284&ssl=1","width":567,"height":284,"caption":"Restaurang \u00c5sundsholm"},"image":{"@id":"https:\/\/restaurangasundsholm.com\/#\/schema\/logo\/image\/"}}]}},"jetpack_sharing_enabled":true,"_links":{"self":[{"href":"https:\/\/restaurangasundsholm.com\/en\/wp-json\/wp\/v2\/pages\/1635","targetHints":{"allow":["GET"]}}],"collection":[{"href":"https:\/\/restaurangasundsholm.com\/en\/wp-json\/wp\/v2\/pages"}],"about":[{"href":"https:\/\/restaurangasundsholm.com\/en\/wp-json\/wp\/v2\/types\/page"}],"author":[{"embeddable":true,"href":"https:\/\/restaurangasundsholm.com\/en\/wp-json\/wp\/v2\/users\/2"}],"replies":[{"embeddable":true,"href":"https:\/\/restaurangasundsholm.com\/en\/wp-json\/wp\/v2\/comments?post=1635"}],"version-history":[{"count":5,"href":"https:\/\/restaurangasundsholm.com\/en\/wp-json\/wp\/v2\/pages\/1635\/revisions"}],"predecessor-version":[{"id":1647,"href":"https:\/\/restaurangasundsholm.com\/en\/wp-json\/wp\/v2\/pages\/1635\/revisions\/1647"}],"wp:featuredmedia":[{"embeddable":true,"href":"https:\/\/restaurangasundsholm.com\/en\/wp-json\/wp\/v2\/media\/1638"}],"wp:attachment":[{"href":"https:\/\/restaurangasundsholm.com\/en\/wp-json\/wp\/v2\/media?parent=1635"}],"curies":[{"name":"wp","href":"https:\/\/api.w.org\/{rel}","templated":true}]}}