{"id":1335,"date":"2024-05-22T06:00:42","date_gmt":"2024-05-22T06:00:42","guid":{"rendered":"https:\/\/restaurangasundsholm.com\/?page_id=1335"},"modified":"2026-03-16T12:12:11","modified_gmt":"2026-03-16T12:12:11","slug":"events","status":"publish","type":"page","link":"https:\/\/restaurangasundsholm.com\/en\/events\/","title":{"rendered":"Events"},"content":{"rendered":"\t\t<div data-elementor-type=\"wp-page\" data-elementor-id=\"1335\" class=\"elementor elementor-1335\" data-elementor-post-type=\"page\">\n\t\t\t\t<div class=\"elementor-element elementor-element-21a3bb2 e-con-full e-flex e-con e-parent\" data-id=\"21a3bb2\" data-element_type=\"container\" data-e-type=\"container\" data-settings=\"{&quot;background_background&quot;:&quot;classic&quot;,&quot;background_motion_fx_motion_fx_scrolling&quot;:&quot;yes&quot;,&quot;background_motion_fx_devices&quot;:[&quot;desktop&quot;,&quot;tablet&quot;,&quot;mobile&quot;]}\">\n\t\t\t\t<div class=\"elementor-element elementor-element-acdabbb elementor-widget elementor-widget-heading\" data-id=\"acdabbb\" data-element_type=\"widget\" data-e-type=\"widget\" data-widget_type=\"heading.default\">\n\t\t\t\t<div class=\"elementor-widget-container\">\n\t\t\t\t\t<h1 class=\"elementor-heading-title elementor-size-default\">Events<\/h1>\t\t\t\t<\/div>\n\t\t\t\t<\/div>\n\t\t\t\t<div class=\"elementor-element elementor-element-c8eee55 elementor-widget__width-initial elementor-widget elementor-widget-text-editor\" data-id=\"c8eee55\" data-element_type=\"widget\" data-e-type=\"widget\" data-widget_type=\"text-editor.default\">\n\t\t\t\t<div class=\"elementor-widget-container\">\n\t\t\t\t\t\t\t\t\t<p>H\u00e4r kan du se alla v\u00e5ra sp\u00e4nnande kommande evenemang och boka ditt eget of\u00f6rgl\u00f6mliga tillf\u00e4lle. Oavsett om det \u00e4r en fest, ett br\u00f6llop eller en f\u00f6retagsmiddag, hj\u00e4lper vi dig att skapa minnesv\u00e4rda upplevelser p\u00e5 Restaurang \u00c5sundsholm.<\/p>\t\t\t\t\t\t\t\t<\/div>\n\t\t\t\t<\/div>\n\t\t\t\t<\/div>\n\t\t<div class=\"elementor-element elementor-element-836e973 e-flex e-con-boxed e-con e-parent\" data-id=\"836e973\" data-element_type=\"container\" data-e-type=\"container\">\n\t\t\t\t\t<div class=\"e-con-inner\">\n\t\t\t\t<div class=\"elementor-element elementor-element-a069a17 elementor-widget elementor-widget-heading\" data-id=\"a069a17\" data-element_type=\"widget\" data-e-type=\"widget\" data-widget_type=\"heading.default\">\n\t\t\t\t<div class=\"elementor-widget-container\">\n\t\t\t\t\t<h2 class=\"elementor-heading-title elementor-size-default\">Event<\/h2>\t\t\t\t<\/div>\n\t\t\t\t<\/div>\n\t\t\t\t\t<\/div>\n\t\t\t\t<\/div>\n\t\t<div class=\"elementor-element elementor-element-dc2e101 e-flex e-con-boxed e-con e-parent\" data-id=\"dc2e101\" data-element_type=\"container\" data-e-type=\"container\">\n\t\t\t\t\t<div class=\"e-con-inner\">\n\t\t<div class=\"elementor-element elementor-element-7b513e0 elementor-hidden-mobile e-con-full e-flex e-con e-child\" data-id=\"7b513e0\" data-element_type=\"container\" data-e-type=\"container\">\n\t\t<div class=\"elementor-element elementor-element-bc9430c e-con-full e-flex e-con e-child\" data-id=\"bc9430c\" data-element_type=\"container\" data-e-type=\"container\">\n\t\t\t\t<\/div>\n\t\t<div class=\"elementor-element elementor-element-76936d6 e-con-full e-flex e-con e-child\" data-id=\"76936d6\" data-element_type=\"container\" data-e-type=\"container\">\n\t\t\t\t<\/div>\n\t\t<div class=\"elementor-element elementor-element-a2d0629 e-con-full e-flex e-con e-child\" data-id=\"a2d0629\" data-element_type=\"container\" data-e-type=\"container\">\n\t\t\t\t<\/div>\n\t\t\t\t<\/div>\n\t\t\t\t\t<\/div>\n\t\t\t\t<\/div>\n\t\t<div class=\"elementor-element elementor-element-b9f53fe e-flex e-con-boxed e-con e-parent\" data-id=\"b9f53fe\" data-element_type=\"container\" data-e-type=\"container\">\n\t\t\t\t\t<div class=\"e-con-inner\">\n\t\t\t\t\t<\/div>\n\t\t\t\t<\/div>\n\t\t<div class=\"elementor-element elementor-element-ef36fb5 e-flex e-con-boxed e-con e-parent\" data-id=\"ef36fb5\" data-element_type=\"container\" data-e-type=\"container\" data-settings=\"{&quot;background_background&quot;:&quot;classic&quot;}\">\n\t\t\t\t\t<div class=\"e-con-inner\">\n\t\t<div class=\"elementor-element elementor-element-793b3fd e-con-full e-flex e-con e-child\" data-id=\"793b3fd\" data-element_type=\"container\" data-e-type=\"container\">\n\t\t\t\t<div class=\"elementor-element elementor-element-55c4b3b elementor-widget elementor-widget-heading\" data-id=\"55c4b3b\" data-element_type=\"widget\" data-e-type=\"widget\" data-widget_type=\"heading.default\">\n\t\t\t\t<div class=\"elementor-widget-container\">\n\t\t\t\t\t<h2 class=\"elementor-heading-title elementor-size-default\">Planerar du ett event?<\/h2>\t\t\t\t<\/div>\n\t\t\t\t<\/div>\n\t\t\t\t<\/div>\n\t\t<div class=\"elementor-element elementor-element-11ff6d0 e-con-full e-flex e-con e-child\" data-id=\"11ff6d0\" data-element_type=\"container\" data-e-type=\"container\">\n\t\t\t\t<div class=\"elementor-element elementor-element-f652702 elementor-widget elementor-widget-text-editor\" data-id=\"f652702\" data-element_type=\"widget\" data-e-type=\"widget\" data-widget_type=\"text-editor.default\">\n\t\t\t\t<div class=\"elementor-widget-container\">\n\t\t\t\t\t\t\t\t\t<p>Sl\u00e5 oss en signal eller skicka ett mail f\u00f6r att boka en upplevelse ni aldrig kommer att gl\u00f6mma. Vi fixar allt \u2013 fr\u00e5n br\u00f6llop och f\u00f6retagsevent till f\u00f6delsedagar och annat kul. Luta er tillbaka och l\u00e5t oss p\u00e5 \u00c5sundsholm ta hand om resten.<\/p>\t\t\t\t\t\t\t\t<\/div>\n\t\t\t\t<\/div>\n\t\t\t\t<div class=\"elementor-element elementor-element-6d2f4e0 elementor-widget elementor-widget-button\" data-id=\"6d2f4e0\" data-element_type=\"widget\" data-e-type=\"widget\" data-widget_type=\"button.default\">\n\t\t\t\t<div class=\"elementor-widget-container\">\n\t\t\t\t\t\t\t\t\t<div class=\"elementor-button-wrapper\">\n\t\t\t\t\t<a class=\"elementor-button elementor-button-link elementor-size-sm\" href=\"https:\/\/restaurangasundsholm.com\/kontakta-oss\/\">\n\t\t\t\t\t\t<span class=\"elementor-button-content-wrapper\">\n\t\t\t\t\t\t\t\t\t<span class=\"elementor-button-text\">Kontakta Oss<\/span>\n\t\t\t\t\t<\/span>\n\t\t\t\t\t<\/a>\n\t\t\t\t<\/div>\n\t\t\t\t\t\t\t\t<\/div>\n\t\t\t\t<\/div>\n\t\t\t\t<\/div>\n\t\t\t\t\t<\/div>\n\t\t\t\t<\/div>\n\t\t<div class=\"elementor-element elementor-element-4bb5889 e-flex e-con-boxed e-con e-parent\" data-id=\"4bb5889\" data-element_type=\"container\" data-e-type=\"container\">\n\t\t\t\t\t<div class=\"e-con-inner\">\n\t\t\t\t\t<\/div>\n\t\t\t\t<\/div>\n\t\t<div class=\"elementor-element elementor-element-afcc38e e-flex e-con-boxed e-con e-parent\" data-id=\"afcc38e\" data-element_type=\"container\" data-e-type=\"container\">\n\t\t\t\t\t<div class=\"e-con-inner\">\n\t\t\t\t\t<\/div>\n\t\t\t\t<\/div>\n\t\t<div class=\"elementor-element elementor-element-a09306a e-flex e-con-boxed e-con e-parent\" data-id=\"a09306a\" data-element_type=\"container\" data-e-type=\"container\">\n\t\t\t\t\t<div class=\"e-con-inner\">\n\t\t\t\t\t<\/div>\n\t\t\t\t<\/div>\n\t\t\t\t<\/div>\n\t\t","protected":false},"excerpt":{"rendered":"<p>Uppt\u00e4ck v\u00e5ra sp\u00e4nnande kommande events h\u00e4r p\u00e5 \u00c5sundsholm. Varf\u00f6r inte g\u00f6ra det \u00e4nnu mer speciellt genom att boka ditt eget arrangemang hos oss? L\u00e5t oss skapa minnesv\u00e4rda stunder tillsammans!<\/p>","protected":false},"author":2,"featured_media":1338,"parent":0,"menu_order":0,"comment_status":"closed","ping_status":"closed","template":"elementor_header_footer","meta":{"nf_dc_page":"","om_disable_all_campaigns":false,"_monsterinsights_skip_tracking":false,"_monsterinsights_sitenote_active":false,"_monsterinsights_sitenote_note":"","_monsterinsights_sitenote_category":0,"_uf_show_specific_survey":0,"_uf_disable_surveys":false,"footnotes":""},"class_list":["post-1335","page","type-page","status-publish","has-post-thumbnail","hentry"],"aioseo_notices":[],"yoast_head":"<!-- This site is optimized with the Yoast SEO plugin v27.5 - https:\/\/yoast.com\/product\/yoast-seo-wordpress\/ -->\n<title>Events - Restaurang \u00c5sundsholm<\/title>\n<meta name=\"robots\" content=\"index, follow, max-snippet:-1, max-image-preview:large, max-video-preview:-1\" \/>\n<link rel=\"canonical\" href=\"https:\/\/restaurangasundsholm.com\/en\/events\/\" \/>\n<meta property=\"og:locale\" content=\"en_US\" \/>\n<meta property=\"og:type\" content=\"article\" \/>\n<meta property=\"og:title\" content=\"Events - Restaurang \u00c5sundsholm\" \/>\n<meta property=\"og:description\" content=\"Uppt\u00e4ck v\u00e5ra sp\u00e4nnande kommande events h\u00e4r p\u00e5 \u00c5sundsholm. Varf\u00f6r inte g\u00f6ra det \u00e4nnu mer speciellt genom att boka ditt eget arrangemang hos oss? L\u00e5t oss skapa minnesv\u00e4rda stunder tillsammans!\" \/>\n<meta property=\"og:url\" content=\"https:\/\/restaurangasundsholm.com\/en\/events\/\" \/>\n<meta property=\"og:site_name\" content=\"Restaurang \u00c5sundsholm\" \/>\n<meta property=\"article:modified_time\" content=\"2026-03-16T12:12:11+00:00\" \/>\n<meta property=\"og:image\" content=\"https:\/\/restaurangasundsholm.com\/wp-content\/uploads\/2024\/05\/Events-pa-Restaurang-Asundsholm.jpg\" \/>\n\t<meta property=\"og:image:width\" content=\"1920\" \/>\n\t<meta property=\"og:image:height\" content=\"1281\" \/>\n\t<meta property=\"og:image:type\" content=\"image\/jpeg\" \/>\n<meta name=\"twitter:card\" content=\"summary_large_image\" \/>\n<meta name=\"twitter:label1\" content=\"Est. reading time\" \/>\n\t<meta name=\"twitter:data1\" content=\"1 minute\" \/>\n<script type=\"application\/ld+json\" class=\"yoast-schema-graph\">{\"@context\":\"https:\\\/\\\/schema.org\",\"@graph\":[{\"@type\":\"WebPage\",\"@id\":\"https:\\\/\\\/restaurangasundsholm.com\\\/events\\\/\",\"url\":\"https:\\\/\\\/restaurangasundsholm.com\\\/events\\\/\",\"name\":\"Events - Restaurang \u00c5sundsholm\",\"isPartOf\":{\"@id\":\"https:\\\/\\\/restaurangasundsholm.com\\\/#website\"},\"primaryImageOfPage\":{\"@id\":\"https:\\\/\\\/restaurangasundsholm.com\\\/events\\\/#primaryimage\"},\"image\":{\"@id\":\"https:\\\/\\\/restaurangasundsholm.com\\\/events\\\/#primaryimage\"},\"thumbnailUrl\":\"https:\\\/\\\/i0.wp.com\\\/restaurangasundsholm.com\\\/wp-content\\\/uploads\\\/2024\\\/05\\\/Events-pa-Restaurang-Asundsholm.jpg?fit=1920%2C1281&ssl=1\",\"datePublished\":\"2024-05-22T06:00:42+00:00\",\"dateModified\":\"2026-03-16T12:12:11+00:00\",\"breadcrumb\":{\"@id\":\"https:\\\/\\\/restaurangasundsholm.com\\\/events\\\/#breadcrumb\"},\"inLanguage\":\"en-US\",\"potentialAction\":[{\"@type\":\"ReadAction\",\"target\":[\"https:\\\/\\\/restaurangasundsholm.com\\\/events\\\/\"]}]},{\"@type\":\"ImageObject\",\"inLanguage\":\"en-US\",\"@id\":\"https:\\\/\\\/restaurangasundsholm.com\\\/events\\\/#primaryimage\",\"url\":\"https:\\\/\\\/i0.wp.com\\\/restaurangasundsholm.com\\\/wp-content\\\/uploads\\\/2024\\\/05\\\/Events-pa-Restaurang-Asundsholm.jpg?fit=1920%2C1281&ssl=1\",\"contentUrl\":\"https:\\\/\\\/i0.wp.com\\\/restaurangasundsholm.com\\\/wp-content\\\/uploads\\\/2024\\\/05\\\/Events-pa-Restaurang-Asundsholm.jpg?fit=1920%2C1281&ssl=1\",\"width\":1920,\"height\":1281},{\"@type\":\"BreadcrumbList\",\"@id\":\"https:\\\/\\\/restaurangasundsholm.com\\\/events\\\/#breadcrumb\",\"itemListElement\":[{\"@type\":\"ListItem\",\"position\":1,\"name\":\"Home\",\"item\":\"https:\\\/\\\/restaurangasundsholm.com\\\/\"},{\"@type\":\"ListItem\",\"position\":2,\"name\":\"Events\"}]},{\"@type\":\"WebSite\",\"@id\":\"https:\\\/\\\/restaurangasundsholm.com\\\/#website\",\"url\":\"https:\\\/\\\/restaurangasundsholm.com\\\/\",\"name\":\"Restaurang \u00c5sundsholm\",\"description\":\"\",\"publisher\":{\"@id\":\"https:\\\/\\\/restaurangasundsholm.com\\\/#organization\"},\"potentialAction\":[{\"@type\":\"SearchAction\",\"target\":{\"@type\":\"EntryPoint\",\"urlTemplate\":\"https:\\\/\\\/restaurangasundsholm.com\\\/?s={search_term_string}\"},\"query-input\":{\"@type\":\"PropertyValueSpecification\",\"valueRequired\":true,\"valueName\":\"search_term_string\"}}],\"inLanguage\":\"en-US\"},{\"@type\":\"Organization\",\"@id\":\"https:\\\/\\\/restaurangasundsholm.com\\\/#organization\",\"name\":\"Restaurang \u00c5sundsholm\",\"url\":\"https:\\\/\\\/restaurangasundsholm.com\\\/\",\"logo\":{\"@type\":\"ImageObject\",\"inLanguage\":\"en-US\",\"@id\":\"https:\\\/\\\/restaurangasundsholm.com\\\/#\\\/schema\\\/logo\\\/image\\\/\",\"url\":\"https:\\\/\\\/i0.wp.com\\\/restaurangasundsholm.com\\\/wp-content\\\/uploads\\\/2023\\\/04\\\/Asundsholm-logo-hus.png?fit=567%2C284&ssl=1\",\"contentUrl\":\"https:\\\/\\\/i0.wp.com\\\/restaurangasundsholm.com\\\/wp-content\\\/uploads\\\/2023\\\/04\\\/Asundsholm-logo-hus.png?fit=567%2C284&ssl=1\",\"width\":567,\"height\":284,\"caption\":\"Restaurang \u00c5sundsholm\"},\"image\":{\"@id\":\"https:\\\/\\\/restaurangasundsholm.com\\\/#\\\/schema\\\/logo\\\/image\\\/\"}}]}<\/script>\n<!-- \/ Yoast SEO plugin. -->","yoast_head_json":{"title":"Events - Restaurang \u00c5sundsholm","robots":{"index":"index","follow":"follow","max-snippet":"max-snippet:-1","max-image-preview":"max-image-preview:large","max-video-preview":"max-video-preview:-1"},"canonical":"https:\/\/restaurangasundsholm.com\/en\/events\/","og_locale":"en_US","og_type":"article","og_title":"Events - Restaurang \u00c5sundsholm","og_description":"Uppt\u00e4ck v\u00e5ra sp\u00e4nnande kommande events h\u00e4r p\u00e5 \u00c5sundsholm. Varf\u00f6r inte g\u00f6ra det \u00e4nnu mer speciellt genom att boka ditt eget arrangemang hos oss? L\u00e5t oss skapa minnesv\u00e4rda stunder tillsammans!","og_url":"https:\/\/restaurangasundsholm.com\/en\/events\/","og_site_name":"Restaurang \u00c5sundsholm","article_modified_time":"2026-03-16T12:12:11+00:00","og_image":[{"width":1920,"height":1281,"url":"https:\/\/restaurangasundsholm.com\/wp-content\/uploads\/2024\/05\/Events-pa-Restaurang-Asundsholm.jpg","type":"image\/jpeg"}],"twitter_card":"summary_large_image","twitter_misc":{"Est. reading time":"1 minute"},"schema":{"@context":"https:\/\/schema.org","@graph":[{"@type":"WebPage","@id":"https:\/\/restaurangasundsholm.com\/events\/","url":"https:\/\/restaurangasundsholm.com\/events\/","name":"Events - Restaurang \u00c5sundsholm","isPartOf":{"@id":"https:\/\/restaurangasundsholm.com\/#website"},"primaryImageOfPage":{"@id":"https:\/\/restaurangasundsholm.com\/events\/#primaryimage"},"image":{"@id":"https:\/\/restaurangasundsholm.com\/events\/#primaryimage"},"thumbnailUrl":"https:\/\/i0.wp.com\/restaurangasundsholm.com\/wp-content\/uploads\/2024\/05\/Events-pa-Restaurang-Asundsholm.jpg?fit=1920%2C1281&ssl=1","datePublished":"2024-05-22T06:00:42+00:00","dateModified":"2026-03-16T12:12:11+00:00","breadcrumb":{"@id":"https:\/\/restaurangasundsholm.com\/events\/#breadcrumb"},"inLanguage":"en-US","potentialAction":[{"@type":"ReadAction","target":["https:\/\/restaurangasundsholm.com\/events\/"]}]},{"@type":"ImageObject","inLanguage":"en-US","@id":"https:\/\/restaurangasundsholm.com\/events\/#primaryimage","url":"https:\/\/i0.wp.com\/restaurangasundsholm.com\/wp-content\/uploads\/2024\/05\/Events-pa-Restaurang-Asundsholm.jpg?fit=1920%2C1281&ssl=1","contentUrl":"https:\/\/i0.wp.com\/restaurangasundsholm.com\/wp-content\/uploads\/2024\/05\/Events-pa-Restaurang-Asundsholm.jpg?fit=1920%2C1281&ssl=1","width":1920,"height":1281},{"@type":"BreadcrumbList","@id":"https:\/\/restaurangasundsholm.com\/events\/#breadcrumb","itemListElement":[{"@type":"ListItem","position":1,"name":"Home","item":"https:\/\/restaurangasundsholm.com\/"},{"@type":"ListItem","position":2,"name":"Events"}]},{"@type":"WebSite","@id":"https:\/\/restaurangasundsholm.com\/#website","url":"https:\/\/restaurangasundsholm.com\/","name":"Restaurang \u00c5sundsholm","description":"","publisher":{"@id":"https:\/\/restaurangasundsholm.com\/#organization"},"potentialAction":[{"@type":"SearchAction","target":{"@type":"EntryPoint","urlTemplate":"https:\/\/restaurangasundsholm.com\/?s={search_term_string}"},"query-input":{"@type":"PropertyValueSpecification","valueRequired":true,"valueName":"search_term_string"}}],"inLanguage":"en-US"},{"@type":"Organization","@id":"https:\/\/restaurangasundsholm.com\/#organization","name":"Restaurang \u00c5sundsholm","url":"https:\/\/restaurangasundsholm.com\/","logo":{"@type":"ImageObject","inLanguage":"en-US","@id":"https:\/\/restaurangasundsholm.com\/#\/schema\/logo\/image\/","url":"https:\/\/i0.wp.com\/restaurangasundsholm.com\/wp-content\/uploads\/2023\/04\/Asundsholm-logo-hus.png?fit=567%2C284&ssl=1","contentUrl":"https:\/\/i0.wp.com\/restaurangasundsholm.com\/wp-content\/uploads\/2023\/04\/Asundsholm-logo-hus.png?fit=567%2C284&ssl=1","width":567,"height":284,"caption":"Restaurang \u00c5sundsholm"},"image":{"@id":"https:\/\/restaurangasundsholm.com\/#\/schema\/logo\/image\/"}}]}},"jetpack_sharing_enabled":true,"_links":{"self":[{"href":"https:\/\/restaurangasundsholm.com\/en\/wp-json\/wp\/v2\/pages\/1335","targetHints":{"allow":["GET"]}}],"collection":[{"href":"https:\/\/restaurangasundsholm.com\/en\/wp-json\/wp\/v2\/pages"}],"about":[{"href":"https:\/\/restaurangasundsholm.com\/en\/wp-json\/wp\/v2\/types\/page"}],"author":[{"embeddable":true,"href":"https:\/\/restaurangasundsholm.com\/en\/wp-json\/wp\/v2\/users\/2"}],"replies":[{"embeddable":true,"href":"https:\/\/restaurangasundsholm.com\/en\/wp-json\/wp\/v2\/comments?post=1335"}],"version-history":[{"count":20,"href":"https:\/\/restaurangasundsholm.com\/en\/wp-json\/wp\/v2\/pages\/1335\/revisions"}],"predecessor-version":[{"id":2122,"href":"https:\/\/restaurangasundsholm.com\/en\/wp-json\/wp\/v2\/pages\/1335\/revisions\/2122"}],"wp:featuredmedia":[{"embeddable":true,"href":"https:\/\/restaurangasundsholm.com\/en\/wp-json\/wp\/v2\/media\/1338"}],"wp:attachment":[{"href":"https:\/\/restaurangasundsholm.com\/en\/wp-json\/wp\/v2\/media?parent=1335"}],"curies":[{"name":"wp","href":"https:\/\/api.w.org\/{rel}","templated":true}]}}