{"id":1323,"date":"2024-05-21T13:47:20","date_gmt":"2024-05-21T13:47:20","guid":{"rendered":"https:\/\/restaurangasundsholm.com\/?page_id=1323"},"modified":"2024-05-22T06:37:00","modified_gmt":"2024-05-22T06:37:00","slug":"sommarkonsert","status":"publish","type":"page","link":"https:\/\/restaurangasundsholm.com\/en\/sommarkonsert\/","title":{"rendered":"Sommarkonsert"},"content":{"rendered":"<div data-elementor-type=\"wp-page\" data-elementor-id=\"1323\" class=\"elementor elementor-1323\" data-elementor-post-type=\"page\">\n\t\t\t\t<div class=\"elementor-element elementor-element-be21039 e-con-full e-flex e-con e-parent\" data-id=\"be21039\" data-element_type=\"container\" data-e-type=\"container\">\n\t\t\t\t<div class=\"elementor-element elementor-element-0d85618 elementor-widget elementor-widget-image\" data-id=\"0d85618\" data-element_type=\"widget\" data-e-type=\"widget\" data-widget_type=\"image.default\">\n\t\t\t\t<div class=\"elementor-widget-container\">\n\t\t\t\t\t\t\t\t\t\t\t\t\t\t\t<img fetchpriority=\"high\" decoding=\"async\" width=\"8000\" height=\"2084\" src=\"https:\/\/i0.wp.com\/restaurangasundsholm.com\/wp-content\/uploads\/2024\/05\/SOMMARKONSERT-UTKAST-5.png?fit=8000%2C2084&amp;ssl=1\" class=\"attachment-full size-full wp-image-1322\" alt=\"\" srcset=\"https:\/\/i0.wp.com\/restaurangasundsholm.com\/wp-content\/uploads\/2024\/05\/SOMMARKONSERT-UTKAST-5.png?w=8000&amp;ssl=1 8000w, https:\/\/i0.wp.com\/restaurangasundsholm.com\/wp-content\/uploads\/2024\/05\/SOMMARKONSERT-UTKAST-5.png?resize=300%2C78&amp;ssl=1 300w, https:\/\/i0.wp.com\/restaurangasundsholm.com\/wp-content\/uploads\/2024\/05\/SOMMARKONSERT-UTKAST-5.png?resize=1024%2C267&amp;ssl=1 1024w, https:\/\/i0.wp.com\/restaurangasundsholm.com\/wp-content\/uploads\/2024\/05\/SOMMARKONSERT-UTKAST-5.png?resize=768%2C200&amp;ssl=1 768w, https:\/\/i0.wp.com\/restaurangasundsholm.com\/wp-content\/uploads\/2024\/05\/SOMMARKONSERT-UTKAST-5.png?resize=1536%2C400&amp;ssl=1 1536w, https:\/\/i0.wp.com\/restaurangasundsholm.com\/wp-content\/uploads\/2024\/05\/SOMMARKONSERT-UTKAST-5.png?resize=2048%2C534&amp;ssl=1 2048w, https:\/\/i0.wp.com\/restaurangasundsholm.com\/wp-content\/uploads\/2024\/05\/SOMMARKONSERT-UTKAST-5.png?resize=18%2C5&amp;ssl=1 18w, https:\/\/i0.wp.com\/restaurangasundsholm.com\/wp-content\/uploads\/2024\/05\/SOMMARKONSERT-UTKAST-5.png?w=1600&amp;ssl=1 1600w, https:\/\/i0.wp.com\/restaurangasundsholm.com\/wp-content\/uploads\/2024\/05\/SOMMARKONSERT-UTKAST-5.png?w=2400&amp;ssl=1 2400w\" sizes=\"(max-width: 800px) 100vw, 800px\" \/>\t\t\t\t\t\t\t\t\t\t\t\t\t\t\t<\/div>\n\t\t\t\t<\/div>\n\t\t\t\t<\/div>\n\t\t<div class=\"elementor-element elementor-element-ab2e2cd e-flex e-con-boxed e-con e-parent\" data-id=\"ab2e2cd\" data-element_type=\"container\" data-e-type=\"container\">\n\t\t\t\t\t<div class=\"e-con-inner\">\n\t\t\t\t<div class=\"elementor-element elementor-element-32c3bfa elementor-widget elementor-widget-heading\" data-id=\"32c3bfa\" data-element_type=\"widget\" data-e-type=\"widget\" data-widget_type=\"heading.default\">\n\t\t\t\t<div class=\"elementor-widget-container\">\n\t\t\t\t\t<h2 class=\"elementor-heading-title elementor-size-default\">Sommarkonsert - 15 Juni<\/h2>\t\t\t\t<\/div>\n\t\t\t\t<\/div>\n\t\t\t\t<div class=\"elementor-element elementor-element-3f778b4 elementor-widget elementor-widget-text-editor\" data-id=\"3f778b4\" data-element_type=\"widget\" data-e-type=\"widget\" data-widget_type=\"text-editor.default\">\n\t\t\t\t<div class=\"elementor-widget-container\">\n\t\t\t\t\t\t\t\t\t<p>Som vi har l\u00e4ngtat! Vi har \u00e4ntligen n\u00f6jet att presentera en av sommarens h\u00f6jdpunkter p\u00e5 Restaurang \u00c5sundsholm. V\u00e4lkomna till v\u00e5r efterl\u00e4ngtade sommarkonsert i samarbete med Pizzeriet och Skoglunds Entertainment. Vi \u00e4r otroligt taggade p\u00e5 att skapa en magisk sommarkv\u00e4ll tillsammans med er.<\/p><p>K\u00f6p era biljetter nedan f\u00f6r att inte missa denna of\u00f6rgl\u00f6mliga kv\u00e4ll!<\/p><p><b>Plats:<\/b> Restaurang \u00c5sundsholm<\/p><p><b>Tid: <\/b>Middag fr\u00e5n kl 18:00,\u00a0<span style=\"color: var( --e-global-color-text );\"><a href=\"https:\/\/www.instagram.com\/skoglund_entertainmentab\/\">Skoglunds Entertainment <\/a>fr\u00e5n kl 19:00<\/span><\/p>\t\t\t\t\t\t\t\t<\/div>\n\t\t\t\t<\/div>\n\t\t\t\t\t<\/div>\n\t\t\t\t<\/div>\n\t\t<div class=\"elementor-element elementor-element-c7cb9fb e-flex e-con-boxed e-con e-parent\" data-id=\"c7cb9fb\" data-element_type=\"container\" data-e-type=\"container\" data-settings=\"{&quot;background_background&quot;:&quot;classic&quot;}\">\n\t\t\t\t\t<div class=\"e-con-inner\">\n\t\t\t\t<div class=\"elementor-element elementor-element-685dee0 elementor-widget elementor-widget-html\" data-id=\"685dee0\" data-element_type=\"widget\" data-e-type=\"widget\" data-widget_type=\"html.default\">\n\t\t\t\t<div class=\"elementor-widget-container\">\n\t\t\t\t\t<script src=\"https:\/\/billetto.se\/widget.js\"><\/script>\n<billetto-widget type=\"event\" event=\"1006064\" organization=\"billetto.se\" lang=\"sv\" theme=\"light\" color=\"#365a63\" whitelabel><\/billetto-widget>\t\t\t\t<\/div>\n\t\t\t\t<\/div>\n\t\t\t\t\t<\/div>\n\t\t\t\t<\/div>\n\t\t<div class=\"elementor-element elementor-element-67df639 e-flex e-con-boxed e-con e-parent\" data-id=\"67df639\" data-element_type=\"container\" data-e-type=\"container\">\n\t\t\t\t\t<div class=\"e-con-inner\">\n\t\t<div class=\"elementor-element elementor-element-ea7442a e-con-full e-flex e-con e-child\" data-id=\"ea7442a\" data-element_type=\"container\" data-e-type=\"container\">\n\t\t\t\t<div class=\"elementor-element elementor-element-301c6e5 elementor-widget elementor-widget-image\" data-id=\"301c6e5\" data-element_type=\"widget\" data-e-type=\"widget\" data-widget_type=\"image.default\">\n\t\t\t\t<div class=\"elementor-widget-container\">\n\t\t\t\t\t\t\t\t\t\t\t\t\t\t\t<img decoding=\"async\" width=\"1080\" height=\"1350\" src=\"https:\/\/i0.wp.com\/restaurangasundsholm.com\/wp-content\/uploads\/2024\/05\/SOMMARKONSERT-ent.jpg?fit=1080%2C1350&amp;ssl=1\" class=\"attachment-full size-full wp-image-1352\" alt=\"\" srcset=\"https:\/\/i0.wp.com\/restaurangasundsholm.com\/wp-content\/uploads\/2024\/05\/SOMMARKONSERT-ent.jpg?w=1080&amp;ssl=1 1080w, https:\/\/i0.wp.com\/restaurangasundsholm.com\/wp-content\/uploads\/2024\/05\/SOMMARKONSERT-ent.jpg?resize=240%2C300&amp;ssl=1 240w, https:\/\/i0.wp.com\/restaurangasundsholm.com\/wp-content\/uploads\/2024\/05\/SOMMARKONSERT-ent.jpg?resize=819%2C1024&amp;ssl=1 819w, https:\/\/i0.wp.com\/restaurangasundsholm.com\/wp-content\/uploads\/2024\/05\/SOMMARKONSERT-ent.jpg?resize=768%2C960&amp;ssl=1 768w, https:\/\/i0.wp.com\/restaurangasundsholm.com\/wp-content\/uploads\/2024\/05\/SOMMARKONSERT-ent.jpg?resize=10%2C12&amp;ssl=1 10w\" sizes=\"(max-width: 800px) 100vw, 800px\" \/>\t\t\t\t\t\t\t\t\t\t\t\t\t\t\t<\/div>\n\t\t\t\t<\/div>\n\t\t\t\t<\/div>\n\t\t<div class=\"elementor-element elementor-element-b30e1a7 e-con-full e-flex e-con e-child\" data-id=\"b30e1a7\" data-element_type=\"container\" data-e-type=\"container\">\n\t\t\t\t<div class=\"elementor-element elementor-element-eb3cba7 elementor-widget elementor-widget-heading\" data-id=\"eb3cba7\" data-element_type=\"widget\" data-e-type=\"widget\" data-widget_type=\"heading.default\">\n\t\t\t\t<div class=\"elementor-widget-container\">\n\t\t\t\t\t<h2 class=\"elementor-heading-title elementor-size-default\">p\u00e5 scen<\/h2>\t\t\t\t<\/div>\n\t\t\t\t<\/div>\n\t\t\t\t<div class=\"elementor-element elementor-element-9f86e6a elementor-widget elementor-widget-heading\" data-id=\"9f86e6a\" data-element_type=\"widget\" data-e-type=\"widget\" data-widget_type=\"heading.default\">\n\t\t\t\t<div class=\"elementor-widget-container\">\n\t\t\t\t\t<h2 class=\"elementor-heading-title elementor-size-default\">Skoglund Entertainment <\/h2>\t\t\t\t<\/div>\n\t\t\t\t<\/div>\n\t\t\t\t<div class=\"elementor-element elementor-element-6c1f344 elementor-widget elementor-widget-text-editor\" data-id=\"6c1f344\" data-element_type=\"widget\" data-e-type=\"widget\" data-widget_type=\"text-editor.default\">\n\t\t\t\t<div class=\"elementor-widget-container\">\n\t\t\t\t\t\t\t\t\t<p>Maria och Rickard Skoglund bjuder in till en h\u00e4rlig och intim sommarkonsert tillsammans med den talangfulla pianisten Rikard M\u00f6rtsell.<\/p><p>Rickard och Maria tolkar sina favoritartister, allt fr\u00e5n Winnerb\u00e4ck, Lisa Nilsson, Bo Kaspers, Ted G\u00e4rdestad, Eva Cassidy till Thomas Stenstr\u00f6m, blandat med eget material.<\/p>\t\t\t\t\t\t\t\t<\/div>\n\t\t\t\t<\/div>\n\t\t\t\t<div class=\"elementor-element elementor-element-e1d1d58 elementor-shape-circle e-grid-align-left elementor-grid-0 elementor-widget elementor-widget-social-icons\" data-id=\"e1d1d58\" data-element_type=\"widget\" data-e-type=\"widget\" data-widget_type=\"social-icons.default\">\n\t\t\t\t<div class=\"elementor-widget-container\">\n\t\t\t\t\t\t\t<div class=\"elementor-social-icons-wrapper elementor-grid\" role=\"list\">\n\t\t\t\t\t\t\t<span class=\"elementor-grid-item\" role=\"listitem\">\n\t\t\t\t\t<a class=\"elementor-icon elementor-social-icon elementor-social-icon-instagram elementor-repeater-item-38c7f51\" href=\"https:\/\/www.instagram.com\/skoglund_entertainmentab\/\" target=\"_blank\">\n\t\t\t\t\t\t<span class=\"elementor-screen-only\">Instagram<\/span>\n\t\t\t\t\t\t<svg aria-hidden=\"true\" class=\"e-font-icon-svg e-fab-instagram\" viewbox=\"0 0 448 512\" xmlns=\"http:\/\/www.w3.org\/2000\/svg\"><path d=\"M224.1 141c-63.6 0-114.9 51.3-114.9 114.9s51.3 114.9 114.9 114.9S339 319.5 339 255.9 287.7 141 224.1 141zm0 189.6c-41.1 0-74.7-33.5-74.7-74.7s33.5-74.7 74.7-74.7 74.7 33.5 74.7 74.7-33.6 74.7-74.7 74.7zm146.4-194.3c0 14.9-12 26.8-26.8 26.8-14.9 0-26.8-12-26.8-26.8s12-26.8 26.8-26.8 26.8 12 26.8 26.8zm76.1 27.2c-1.7-35.9-9.9-67.7-36.2-93.9-26.2-26.2-58-34.4-93.9-36.2-37-2.1-147.9-2.1-184.9 0-35.8 1.7-67.6 9.9-93.9 36.1s-34.4 58-36.2 93.9c-2.1 37-2.1 147.9 0 184.9 1.7 35.9 9.9 67.7 36.2 93.9s58 34.4 93.9 36.2c37 2.1 147.9 2.1 184.9 0 35.9-1.7 67.7-9.9 93.9-36.2 26.2-26.2 34.4-58 36.2-93.9 2.1-37 2.1-147.8 0-184.8zM398.8 388c-7.8 19.6-22.9 34.7-42.6 42.6-29.5 11.7-99.5 9-132.1 9s-102.7 2.6-132.1-9c-19.6-7.8-34.7-22.9-42.6-42.6-11.7-29.5-9-99.5-9-132.1s-2.6-102.7 9-132.1c7.8-19.6 22.9-34.7 42.6-42.6 29.5-11.7 99.5-9 132.1-9s102.7-2.6 132.1 9c19.6 7.8 34.7 22.9 42.6 42.6 11.7 29.5 9 99.5 9 132.1s2.7 102.7-9 132.1z\"><\/path><\/svg>\t\t\t\t\t<\/a>\n\t\t\t\t<\/span>\n\t\t\t\t\t\t\t<span class=\"elementor-grid-item\" role=\"listitem\">\n\t\t\t\t\t<a class=\"elementor-icon elementor-social-icon elementor-social-icon-globe elementor-repeater-item-3357b45\" href=\"https:\/\/skoglundentertainment.se\/\" target=\"_blank\">\n\t\t\t\t\t\t<span class=\"elementor-screen-only\">Globe<\/span>\n\t\t\t\t\t\t<svg aria-hidden=\"true\" class=\"e-font-icon-svg e-fas-globe\" viewbox=\"0 0 496 512\" xmlns=\"http:\/\/www.w3.org\/2000\/svg\"><path d=\"M336.5 160C322 70.7 287.8 8 248 8s-74 62.7-88.5 152h177zM152 256c0 22.2 1.2 43.5 3.3 64h185.3c2.1-20.5 3.3-41.8 3.3-64s-1.2-43.5-3.3-64H155.3c-2.1 20.5-3.3 41.8-3.3 64zm324.7-96c-28.6-67.9-86.5-120.4-158-141.6 24.4 33.8 41.2 84.7 50 141.6h108zM177.2 18.4C105.8 39.6 47.8 92.1 19.3 160h108c8.7-56.9 25.5-107.8 49.9-141.6zM487.4 192H372.7c2.1 21 3.3 42.5 3.3 64s-1.2 43-3.3 64h114.6c5.5-20.5 8.6-41.8 8.6-64s-3.1-43.5-8.5-64zM120 256c0-21.5 1.2-43 3.3-64H8.6C3.2 212.5 0 233.8 0 256s3.2 43.5 8.6 64h114.6c-2-21-3.2-42.5-3.2-64zm39.5 96c14.5 89.3 48.7 152 88.5 152s74-62.7 88.5-152h-177zm159.3 141.6c71.4-21.2 129.4-73.7 158-141.6h-108c-8.8 56.9-25.6 107.8-50 141.6zM19.3 352c28.6 67.9 86.5 120.4 158 141.6-24.4-33.8-41.2-84.7-50-141.6h-108z\"><\/path><\/svg>\t\t\t\t\t<\/a>\n\t\t\t\t<\/span>\n\t\t\t\t\t<\/div>\n\t\t\t\t\t\t<\/div>\n\t\t\t\t<\/div>\n\t\t\t\t<\/div>\n\t\t\t\t\t<\/div>\n\t\t\t\t<\/div>\n\t\t<div class=\"elementor-element elementor-element-3dd51da e-flex e-con-boxed e-con e-parent\" data-id=\"3dd51da\" data-element_type=\"container\" data-e-type=\"container\">\n\t\t\t\t\t<div class=\"e-con-inner\">\n\t\t<div class=\"elementor-element elementor-element-cd01a75 e-con-full e-flex e-con e-child\" data-id=\"cd01a75\" data-element_type=\"container\" data-e-type=\"container\">\n\t\t\t\t<div class=\"elementor-element elementor-element-90e5b81 elementor-widget elementor-widget-heading\" data-id=\"90e5b81\" data-element_type=\"widget\" data-e-type=\"widget\" data-widget_type=\"heading.default\">\n\t\t\t\t<div class=\"elementor-widget-container\">\n\t\t\t\t\t<h2 class=\"elementor-heading-title elementor-size-default\">p\u00e5 menyn<\/h2>\t\t\t\t<\/div>\n\t\t\t\t<\/div>\n\t\t\t\t<div class=\"elementor-element elementor-element-e465c77 elementor-widget elementor-widget-heading\" data-id=\"e465c77\" data-element_type=\"widget\" data-e-type=\"widget\" data-widget_type=\"heading.default\">\n\t\t\t\t<div class=\"elementor-widget-container\">\n\t\t\t\t\t<h2 class=\"elementor-heading-title elementor-size-default\">Pizzeriet<\/h2>\t\t\t\t<\/div>\n\t\t\t\t<\/div>\n\t\t\t\t<div class=\"elementor-element elementor-element-3b2dcf1 elementor-widget elementor-widget-text-editor\" data-id=\"3b2dcf1\" data-element_type=\"widget\" data-e-type=\"widget\" data-widget_type=\"text-editor.default\">\n\t\t\t\t<div class=\"elementor-widget-container\">\n\t\t\t\t\t\t\t\t\t<p>Tillsammans med Pizzeriet skapar vi helt otroliga pizzor f\u00f6r alla konsertsugna. Ta med er pizzabiljett och best\u00e4ll en nybakad pizza direkt fr\u00e5n ugnen. Restaurangen \u00f6ppnar kl 18:00.<\/p>\t\t\t\t\t\t\t\t<\/div>\n\t\t\t\t<\/div>\n\t\t\t\t<\/div>\n\t\t<div class=\"elementor-element elementor-element-048949e e-con-full e-flex e-con e-child\" data-id=\"048949e\" data-element_type=\"container\" data-e-type=\"container\">\n\t\t\t\t<div class=\"elementor-element elementor-element-2bf1ee9 elementor-widget elementor-widget-image\" data-id=\"2bf1ee9\" data-element_type=\"widget\" data-e-type=\"widget\" data-widget_type=\"image.default\">\n\t\t\t\t<div class=\"elementor-widget-container\">\n\t\t\t\t\t\t\t\t\t\t\t\t\t\t\t<img decoding=\"async\" width=\"1080\" height=\"1350\" src=\"https:\/\/i0.wp.com\/restaurangasundsholm.com\/wp-content\/uploads\/2024\/05\/Pizzeriet.jpg?fit=1080%2C1350&amp;ssl=1\" class=\"attachment-full size-full wp-image-1351\" alt=\"\" srcset=\"https:\/\/i0.wp.com\/restaurangasundsholm.com\/wp-content\/uploads\/2024\/05\/Pizzeriet.jpg?w=1080&amp;ssl=1 1080w, https:\/\/i0.wp.com\/restaurangasundsholm.com\/wp-content\/uploads\/2024\/05\/Pizzeriet.jpg?resize=240%2C300&amp;ssl=1 240w, https:\/\/i0.wp.com\/restaurangasundsholm.com\/wp-content\/uploads\/2024\/05\/Pizzeriet.jpg?resize=819%2C1024&amp;ssl=1 819w, https:\/\/i0.wp.com\/restaurangasundsholm.com\/wp-content\/uploads\/2024\/05\/Pizzeriet.jpg?resize=768%2C960&amp;ssl=1 768w, https:\/\/i0.wp.com\/restaurangasundsholm.com\/wp-content\/uploads\/2024\/05\/Pizzeriet.jpg?resize=10%2C12&amp;ssl=1 10w\" sizes=\"(max-width: 800px) 100vw, 800px\" \/>\t\t\t\t\t\t\t\t\t\t\t\t\t\t\t<\/div>\n\t\t\t\t<\/div>\n\t\t\t\t<\/div>\n\t\t\t\t\t<\/div>\n\t\t\t\t<\/div>\n\t\t<div class=\"elementor-element elementor-element-cb4716c e-flex e-con-boxed e-con e-parent\" data-id=\"cb4716c\" data-element_type=\"container\" data-e-type=\"container\">\n\t\t\t\t\t<div class=\"e-con-inner\">\n\t\t\t\t<div class=\"elementor-element elementor-element-0ccc1af elementor-widget elementor-widget-heading\" data-id=\"0ccc1af\" data-element_type=\"widget\" data-e-type=\"widget\" data-widget_type=\"heading.default\">\n\t\t\t\t<div class=\"elementor-widget-container\">\n\t\t\t\t\t<h2 class=\"elementor-heading-title elementor-size-default\">Varmt v\u00e4lkomna<\/h2>\t\t\t\t<\/div>\n\t\t\t\t<\/div>\n\t\t\t\t\t<\/div>\n\t\t\t\t<\/div>\n\t\t\t\t<\/div>","protected":false},"excerpt":{"rendered":"<p>V\u00e4lkommen p\u00e5 Sommar Konsert hos oss p\u00e5 Restaurang \u00c5sundsholm. <\/p>","protected":false},"author":2,"featured_media":1322,"parent":0,"menu_order":0,"comment_status":"closed","ping_status":"closed","template":"","meta":{"nf_dc_page":"","om_disable_all_campaigns":false,"_monsterinsights_skip_tracking":false,"_monsterinsights_sitenote_active":false,"_monsterinsights_sitenote_note":"","_monsterinsights_sitenote_category":0,"_uf_show_specific_survey":0,"_uf_disable_surveys":false,"footnotes":""},"class_list":["post-1323","page","type-page","status-publish","has-post-thumbnail","hentry"],"aioseo_notices":[],"yoast_head":"<!-- This site is optimized with the Yoast SEO plugin v27.5 - https:\/\/yoast.com\/product\/yoast-seo-wordpress\/ -->\n<title>Sommarkonsert - Restaurang \u00c5sundsholm<\/title>\n<meta name=\"robots\" content=\"index, follow, max-snippet:-1, max-image-preview:large, max-video-preview:-1\" \/>\n<link rel=\"canonical\" href=\"https:\/\/restaurangasundsholm.com\/en\/sommarkonsert\/\" \/>\n<meta property=\"og:locale\" content=\"en_US\" \/>\n<meta property=\"og:type\" content=\"article\" \/>\n<meta property=\"og:title\" content=\"Sommarkonsert - Restaurang \u00c5sundsholm\" \/>\n<meta property=\"og:description\" content=\"V\u00e4lkommen p\u00e5 Sommar Konsert hos oss p\u00e5 Restaurang \u00c5sundsholm.\" \/>\n<meta property=\"og:url\" content=\"https:\/\/restaurangasundsholm.com\/en\/sommarkonsert\/\" \/>\n<meta property=\"og:site_name\" content=\"Restaurang \u00c5sundsholm\" \/>\n<meta property=\"article:modified_time\" content=\"2024-05-22T06:37:00+00:00\" \/>\n<meta property=\"og:image\" content=\"https:\/\/restaurangasundsholm.com\/wp-content\/uploads\/2024\/05\/SOMMARKONSERT-UTKAST-5.png\" \/>\n\t<meta property=\"og:image:width\" content=\"8000\" \/>\n\t<meta property=\"og:image:height\" content=\"2084\" \/>\n\t<meta property=\"og:image:type\" content=\"image\/png\" \/>\n<meta name=\"twitter:card\" content=\"summary_large_image\" \/>\n<meta name=\"twitter:label1\" content=\"Est. reading time\" \/>\n\t<meta name=\"twitter:data1\" content=\"2 minutes\" \/>\n<script type=\"application\/ld+json\" class=\"yoast-schema-graph\">{\"@context\":\"https:\\\/\\\/schema.org\",\"@graph\":[{\"@type\":\"WebPage\",\"@id\":\"https:\\\/\\\/restaurangasundsholm.com\\\/sommarkonsert\\\/\",\"url\":\"https:\\\/\\\/restaurangasundsholm.com\\\/sommarkonsert\\\/\",\"name\":\"Sommarkonsert - Restaurang \u00c5sundsholm\",\"isPartOf\":{\"@id\":\"https:\\\/\\\/restaurangasundsholm.com\\\/#website\"},\"primaryImageOfPage\":{\"@id\":\"https:\\\/\\\/restaurangasundsholm.com\\\/sommarkonsert\\\/#primaryimage\"},\"image\":{\"@id\":\"https:\\\/\\\/restaurangasundsholm.com\\\/sommarkonsert\\\/#primaryimage\"},\"thumbnailUrl\":\"https:\\\/\\\/i0.wp.com\\\/restaurangasundsholm.com\\\/wp-content\\\/uploads\\\/2024\\\/05\\\/SOMMARKONSERT-UTKAST-5.png?fit=8000%2C2084&ssl=1\",\"datePublished\":\"2024-05-21T13:47:20+00:00\",\"dateModified\":\"2024-05-22T06:37:00+00:00\",\"breadcrumb\":{\"@id\":\"https:\\\/\\\/restaurangasundsholm.com\\\/sommarkonsert\\\/#breadcrumb\"},\"inLanguage\":\"en-US\",\"potentialAction\":[{\"@type\":\"ReadAction\",\"target\":[\"https:\\\/\\\/restaurangasundsholm.com\\\/sommarkonsert\\\/\"]}]},{\"@type\":\"ImageObject\",\"inLanguage\":\"en-US\",\"@id\":\"https:\\\/\\\/restaurangasundsholm.com\\\/sommarkonsert\\\/#primaryimage\",\"url\":\"https:\\\/\\\/i0.wp.com\\\/restaurangasundsholm.com\\\/wp-content\\\/uploads\\\/2024\\\/05\\\/SOMMARKONSERT-UTKAST-5.png?fit=8000%2C2084&ssl=1\",\"contentUrl\":\"https:\\\/\\\/i0.wp.com\\\/restaurangasundsholm.com\\\/wp-content\\\/uploads\\\/2024\\\/05\\\/SOMMARKONSERT-UTKAST-5.png?fit=8000%2C2084&ssl=1\",\"width\":8000,\"height\":2084},{\"@type\":\"BreadcrumbList\",\"@id\":\"https:\\\/\\\/restaurangasundsholm.com\\\/sommarkonsert\\\/#breadcrumb\",\"itemListElement\":[{\"@type\":\"ListItem\",\"position\":1,\"name\":\"Home\",\"item\":\"https:\\\/\\\/restaurangasundsholm.com\\\/\"},{\"@type\":\"ListItem\",\"position\":2,\"name\":\"Sommarkonsert\"}]},{\"@type\":\"WebSite\",\"@id\":\"https:\\\/\\\/restaurangasundsholm.com\\\/#website\",\"url\":\"https:\\\/\\\/restaurangasundsholm.com\\\/\",\"name\":\"Restaurang \u00c5sundsholm\",\"description\":\"\",\"publisher\":{\"@id\":\"https:\\\/\\\/restaurangasundsholm.com\\\/#organization\"},\"potentialAction\":[{\"@type\":\"SearchAction\",\"target\":{\"@type\":\"EntryPoint\",\"urlTemplate\":\"https:\\\/\\\/restaurangasundsholm.com\\\/?s={search_term_string}\"},\"query-input\":{\"@type\":\"PropertyValueSpecification\",\"valueRequired\":true,\"valueName\":\"search_term_string\"}}],\"inLanguage\":\"en-US\"},{\"@type\":\"Organization\",\"@id\":\"https:\\\/\\\/restaurangasundsholm.com\\\/#organization\",\"name\":\"Restaurang \u00c5sundsholm\",\"url\":\"https:\\\/\\\/restaurangasundsholm.com\\\/\",\"logo\":{\"@type\":\"ImageObject\",\"inLanguage\":\"en-US\",\"@id\":\"https:\\\/\\\/restaurangasundsholm.com\\\/#\\\/schema\\\/logo\\\/image\\\/\",\"url\":\"https:\\\/\\\/i0.wp.com\\\/restaurangasundsholm.com\\\/wp-content\\\/uploads\\\/2023\\\/04\\\/Asundsholm-logo-hus.png?fit=567%2C284&ssl=1\",\"contentUrl\":\"https:\\\/\\\/i0.wp.com\\\/restaurangasundsholm.com\\\/wp-content\\\/uploads\\\/2023\\\/04\\\/Asundsholm-logo-hus.png?fit=567%2C284&ssl=1\",\"width\":567,\"height\":284,\"caption\":\"Restaurang \u00c5sundsholm\"},\"image\":{\"@id\":\"https:\\\/\\\/restaurangasundsholm.com\\\/#\\\/schema\\\/logo\\\/image\\\/\"}}]}<\/script>\n<!-- \/ Yoast SEO plugin. -->","yoast_head_json":{"title":"Sommarkonsert - Restaurang \u00c5sundsholm","robots":{"index":"index","follow":"follow","max-snippet":"max-snippet:-1","max-image-preview":"max-image-preview:large","max-video-preview":"max-video-preview:-1"},"canonical":"https:\/\/restaurangasundsholm.com\/en\/sommarkonsert\/","og_locale":"en_US","og_type":"article","og_title":"Sommarkonsert - Restaurang \u00c5sundsholm","og_description":"V\u00e4lkommen p\u00e5 Sommar Konsert hos oss p\u00e5 Restaurang \u00c5sundsholm.","og_url":"https:\/\/restaurangasundsholm.com\/en\/sommarkonsert\/","og_site_name":"Restaurang \u00c5sundsholm","article_modified_time":"2024-05-22T06:37:00+00:00","og_image":[{"width":8000,"height":2084,"url":"https:\/\/restaurangasundsholm.com\/wp-content\/uploads\/2024\/05\/SOMMARKONSERT-UTKAST-5.png","type":"image\/png"}],"twitter_card":"summary_large_image","twitter_misc":{"Est. reading time":"2 minutes"},"schema":{"@context":"https:\/\/schema.org","@graph":[{"@type":"WebPage","@id":"https:\/\/restaurangasundsholm.com\/sommarkonsert\/","url":"https:\/\/restaurangasundsholm.com\/sommarkonsert\/","name":"Sommarkonsert - Restaurang \u00c5sundsholm","isPartOf":{"@id":"https:\/\/restaurangasundsholm.com\/#website"},"primaryImageOfPage":{"@id":"https:\/\/restaurangasundsholm.com\/sommarkonsert\/#primaryimage"},"image":{"@id":"https:\/\/restaurangasundsholm.com\/sommarkonsert\/#primaryimage"},"thumbnailUrl":"https:\/\/i0.wp.com\/restaurangasundsholm.com\/wp-content\/uploads\/2024\/05\/SOMMARKONSERT-UTKAST-5.png?fit=8000%2C2084&ssl=1","datePublished":"2024-05-21T13:47:20+00:00","dateModified":"2024-05-22T06:37:00+00:00","breadcrumb":{"@id":"https:\/\/restaurangasundsholm.com\/sommarkonsert\/#breadcrumb"},"inLanguage":"en-US","potentialAction":[{"@type":"ReadAction","target":["https:\/\/restaurangasundsholm.com\/sommarkonsert\/"]}]},{"@type":"ImageObject","inLanguage":"en-US","@id":"https:\/\/restaurangasundsholm.com\/sommarkonsert\/#primaryimage","url":"https:\/\/i0.wp.com\/restaurangasundsholm.com\/wp-content\/uploads\/2024\/05\/SOMMARKONSERT-UTKAST-5.png?fit=8000%2C2084&ssl=1","contentUrl":"https:\/\/i0.wp.com\/restaurangasundsholm.com\/wp-content\/uploads\/2024\/05\/SOMMARKONSERT-UTKAST-5.png?fit=8000%2C2084&ssl=1","width":8000,"height":2084},{"@type":"BreadcrumbList","@id":"https:\/\/restaurangasundsholm.com\/sommarkonsert\/#breadcrumb","itemListElement":[{"@type":"ListItem","position":1,"name":"Home","item":"https:\/\/restaurangasundsholm.com\/"},{"@type":"ListItem","position":2,"name":"Sommarkonsert"}]},{"@type":"WebSite","@id":"https:\/\/restaurangasundsholm.com\/#website","url":"https:\/\/restaurangasundsholm.com\/","name":"Restaurang \u00c5sundsholm","description":"","publisher":{"@id":"https:\/\/restaurangasundsholm.com\/#organization"},"potentialAction":[{"@type":"SearchAction","target":{"@type":"EntryPoint","urlTemplate":"https:\/\/restaurangasundsholm.com\/?s={search_term_string}"},"query-input":{"@type":"PropertyValueSpecification","valueRequired":true,"valueName":"search_term_string"}}],"inLanguage":"en-US"},{"@type":"Organization","@id":"https:\/\/restaurangasundsholm.com\/#organization","name":"Restaurang \u00c5sundsholm","url":"https:\/\/restaurangasundsholm.com\/","logo":{"@type":"ImageObject","inLanguage":"en-US","@id":"https:\/\/restaurangasundsholm.com\/#\/schema\/logo\/image\/","url":"https:\/\/i0.wp.com\/restaurangasundsholm.com\/wp-content\/uploads\/2023\/04\/Asundsholm-logo-hus.png?fit=567%2C284&ssl=1","contentUrl":"https:\/\/i0.wp.com\/restaurangasundsholm.com\/wp-content\/uploads\/2023\/04\/Asundsholm-logo-hus.png?fit=567%2C284&ssl=1","width":567,"height":284,"caption":"Restaurang \u00c5sundsholm"},"image":{"@id":"https:\/\/restaurangasundsholm.com\/#\/schema\/logo\/image\/"}}]}},"jetpack_sharing_enabled":true,"_links":{"self":[{"href":"https:\/\/restaurangasundsholm.com\/en\/wp-json\/wp\/v2\/pages\/1323","targetHints":{"allow":["GET"]}}],"collection":[{"href":"https:\/\/restaurangasundsholm.com\/en\/wp-json\/wp\/v2\/pages"}],"about":[{"href":"https:\/\/restaurangasundsholm.com\/en\/wp-json\/wp\/v2\/types\/page"}],"author":[{"embeddable":true,"href":"https:\/\/restaurangasundsholm.com\/en\/wp-json\/wp\/v2\/users\/2"}],"replies":[{"embeddable":true,"href":"https:\/\/restaurangasundsholm.com\/en\/wp-json\/wp\/v2\/comments?post=1323"}],"version-history":[{"count":5,"href":"https:\/\/restaurangasundsholm.com\/en\/wp-json\/wp\/v2\/pages\/1323\/revisions"}],"predecessor-version":[{"id":1355,"href":"https:\/\/restaurangasundsholm.com\/en\/wp-json\/wp\/v2\/pages\/1323\/revisions\/1355"}],"wp:featuredmedia":[{"embeddable":true,"href":"https:\/\/restaurangasundsholm.com\/en\/wp-json\/wp\/v2\/media\/1322"}],"wp:attachment":[{"href":"https:\/\/restaurangasundsholm.com\/en\/wp-json\/wp\/v2\/media?parent=1323"}],"curies":[{"name":"wp","href":"https:\/\/api.w.org\/{rel}","templated":true}]}}